
{"id":838,"date":"2018-10-29T06:29:48","date_gmt":"2018-10-29T06:29:48","guid":{"rendered":"http:\/\/scmihaieminescu.ro\/?page_id=838"},"modified":"2022-09-23T06:14:47","modified_gmt":"2022-09-23T06:14:47","slug":"legislatie-organizarea-si-functionarea-institutiei","status":"publish","type":"page","link":"https:\/\/old.scmihaieminescu.ro\/?page_id=838","title":{"rendered":"LEGISLA\u021aIE (organizarea \u0219i func\u021bionarea institu\u021biei)"},"content":{"rendered":"<ul>\n<li>Legea educa\u021biei na\u021bionale (Legea nr. 1\/2011)<\/li>\n<li>Regulamentul de organizare \u015fi func\u021bionare intern\u0103 \u00een \u00eenv\u0103\u021b\u0103m\u00e2ntul preuniversitar (ROFUIP)\u00a0 Ordin M.E. 4183\/2022<\/li>\n<li>Ordinului Ministrului Educa\u0163iei nr. 3.505\/2022 privind structura anului \u015fcolar 2022-2023;<\/li>\n<li>\u00a0EVALUARE NA\u021aIONAL\u0102 clasa a VIII-a OMEN 4813\/29.08.2018<\/li>\n<li>EVALUARE NA\u021aIONAL\u0102 clasele a II-a, a IV-a si a VI-a, OMEN 3051\/2016- Metodologia; OMEN 4461\/2018-Calendar<\/li>\n<li>Statutul elevului OMENCS 4742\/10.08.2016<\/li>\n<li>Regulamentul de organizare \u015fi func\u021bionare intern\u0103, regulamentul intern (RI)<\/li>\n<li>Decizia Inspectoratului \u0218colar Jude\u021bean Dolj prin care se atribuie denumirea unit\u0103\u021bii de \u00eenv\u0103\u021b\u0103m\u00e2nt &#8211; \u0218coala Gimnazial\u0103 ,,Mihai Eminescu\u201d Craiova<\/li>\n<li>Codul de \u00eenregistrare fiscal\u0103 nr. 12572375 atribuit de ANAF la data de 19.01.2000<\/li>\n<li>Autoriza\u021bia sanitar\u0103 de func\u021bionare nr. 2216\/05.03.2013 pentru Gr\u0103dini\u021ba \u201cPrichindel\u201d \u015fi nr. 2215\/05.03.2013 reconfirmate anual prin procese verbale de constatare a condi\u021biilor igienico-sanitare, ultimul proces verbal fiind \u00eencheiat \u00een 05.03.2016<\/li>\n<li>Atestat nr. 2583\/15.09.2016 privind nivelul calit\u0103\u021bii educa\u021bionale oferite de c\u0103tre unitatea de \u00eenv\u0103\u021b\u0103m\u00e2nt raportat la indicatorii de performan\u021b\u0103 din standardele de referin\u021b\u0103 evaluate de c\u0103tre ARACIP<\/li>\n<\/ul>\n","protected":false},"excerpt":{"rendered":"<p>Legea educa\u021biei na\u021bionale (Legea nr. 1\/2011) Regulamentul de organizare \u015fi func\u021bionare intern\u0103 \u00een \u00eenv\u0103\u021b\u0103m\u00e2ntul preuniversitar (ROFUIP)\u00a0 Ordin M.E. 4183\/2022 Ordinului Ministrului Educa\u0163iei nr. 3.505\/2022 privind structura anului \u015fcolar 2022-2023; \u00a0EVALUARE NA\u021aIONAL\u0102 clasa a VIII-a OMEN 4813\/29.08.2018 EVALUARE NA\u021aIONAL\u0102 clasele a II-a, a IV-a si a VI-a, OMEN 3051\/2016- Metodologia; OMEN 4461\/2018-Calendar Statutul elevului OMENCS 4742\/10.08.2016 [&hellip;]<\/p>\n","protected":false},"author":1,"featured_media":0,"parent":292,"menu_order":0,"comment_status":"closed","ping_status":"closed","template":"","meta":[],"_links":{"self":[{"href":"https:\/\/old.scmihaieminescu.ro\/index.php?rest_route=\/wp\/v2\/pages\/838"}],"collection":[{"href":"https:\/\/old.scmihaieminescu.ro\/index.php?rest_route=\/wp\/v2\/pages"}],"about":[{"href":"https:\/\/old.scmihaieminescu.ro\/index.php?rest_route=\/wp\/v2\/types\/page"}],"author":[{"embeddable":true,"href":"https:\/\/old.scmihaieminescu.ro\/index.php?rest_route=\/wp\/v2\/users\/1"}],"replies":[{"embeddable":true,"href":"https:\/\/old.scmihaieminescu.ro\/index.php?rest_route=%2Fwp%2Fv2%2Fcomments&post=838"}],"version-history":[{"count":8,"href":"https:\/\/old.scmihaieminescu.ro\/index.php?rest_route=\/wp\/v2\/pages\/838\/revisions"}],"predecessor-version":[{"id":1462,"href":"https:\/\/old.scmihaieminescu.ro\/index.php?rest_route=\/wp\/v2\/pages\/838\/revisions\/1462"}],"up":[{"embeddable":true,"href":"https:\/\/old.scmihaieminescu.ro\/index.php?rest_route=\/wp\/v2\/pages\/292"}],"wp:attachment":[{"href":"https:\/\/old.scmihaieminescu.ro\/index.php?rest_route=%2Fwp%2Fv2%2Fmedia&parent=838"}],"curies":[{"name":"wp","href":"https:\/\/api.w.org\/{rel}","templated":true}]}}