
{"id":682,"date":"2017-05-29T09:24:00","date_gmt":"2017-05-29T09:24:00","guid":{"rendered":"http:\/\/sc37mihaieminescu.ro\/?page_id=682"},"modified":"2022-09-06T17:52:26","modified_gmt":"2022-09-06T17:52:26","slug":"buletin-informativ-privind-aplicarea-legii-nr-5442001","status":"publish","type":"page","link":"https:\/\/old.scmihaieminescu.ro\/?page_id=682","title":{"rendered":"INFORMATII DE INTERES PUBLIC"},"content":{"rendered":"<p><strong>SOLICITARE INFORMATII. LEGISLATIE<\/strong><\/p>\n<p><strong>BULETIN INFORMATIV PRIVIND APLICAREA LEGII NR 544\/2001<\/strong><\/p>\n<p>Nr.: 50 .din: 17.01.2017<\/p>\n<p><strong>Buletin informativ<\/strong><\/p>\n<p><strong>privind aplicarea Legii nr. 544\/2001<\/strong><\/p>\n<p><strong> Acte normative care reglementeaz\u0103 organizarea \u015fi func\u0163ionarea \u015ecolii Gimnaziale ,,Mihai Eminescu \u201d Craiova<\/strong><\/p>\n<ul>\n<li>Legea educa\u0163iei na\u0163ionale (Legea nr. 1\/2011)<\/li>\n<li>Regulamentul de organizare \u015fi func\u0163ionare a unit\u0103\u0163ilor de \u00eenv\u0103\u0163\u0103m\u00e2nt preuniversitar(ROFUIP) aprobat prin Ordinul M.E.N.C.S. nr. 5.079 \/2016 si OMEN nr. 3027\/2018<\/li>\n<li>Regulamentul de organizare \u015fi func\u0163ionare intern\u0103 (ROFUIP), regulamentul intern (RI)<\/li>\n<li>\u00a0EVALUARE NATIONALA clasa a VIII-a OMEN 4813\/29.08.2018<\/li>\n<li>EVALUARE NATIONALA clasele a II-a, a IV-a si a VI-a, OMEN 3051\/2016- Metodologia; OMEN 4461\/2018-Calendar<\/li>\n<li>Statutul elevului OMENCS 4742\/10.08.2016<\/li>\n<li>Decizia Inspectoratului \u015ecolar Jude\u0163ean Dolj prin care se atribuie denumirea unit\u0103\u0163ii de \u00eenv\u0103\u0163\u0103m\u00e2nt &#8211; \u015ecoala Gimnazial\u0103 ,,Mihai Eminescu\u201d Craiova<\/li>\n<li>Codul de \u00eenregistrare fiscal\u0103 nr. 12572375 atribuit de ANAF la data de 19.01.2000<\/li>\n<li>Autoriza\u0163ia sanitar\u0103 de func\u0163ionare nr. 2216\/05.03.2013 pentru Gr\u0103dini\u0163a \u201cPrichindel\u201d \u015fi nr. 2215\/05.03.2013 reconfirmate anual prin procese verbale de constatare a condi\u0163iilor igienico-sanitare, ultimul proces verbal fiind \u00eencheiat \u00een 05.03.2016<\/li>\n<li>Atestat nr. 2583\/15.09.2016 privind nivelul calit\u0103\u0163ii educa\u0163ionale oferite de c\u0103tre unitatea de \u00eenv\u0103\u0163\u0103m\u00e2nt raportat la indicatorii de performan\u0163\u0103 din standardele de referin\u0163\u0103 evaluate de c\u0103tre ARACIP.<\/li>\n<\/ul>\n<p>&nbsp;<\/p>\n<ol>\n<li><strong> Structura organizatoric\u0103<\/strong><\/li>\n<\/ol>\n<p>&nbsp;<\/p>\n<p>Institu\u0163ia este condus\u0103 de c\u0103tre Consiliul de administra\u0163ie care are \u00een componen\u0163a sa un num\u0103r de 9 membri. Directorul \u015fcolii este pre\u015fedintele Consiliului de administra\u0163ie \u015fi al Consiliului profesoral \u015fi exercit\u0103 conducerea executiv\u0103 a unit\u0103\u0163ii de \u00eenv\u0103\u0163\u0103m\u00e2nt, \u00een conformitate cu atribu\u0163iile conferite de lege, cu hot\u0103r\u00e2rile Consiliului de administra\u0163ie al unit\u0103\u0163ii de \u00eenv\u0103\u0163\u0103m\u00e2nt, precum \u015fi cu alte reglement\u0103ri legale.<\/p>\n<p>De asemenea, \u00een cadrul institu\u0163iei func\u0163ioneaz\u0103 Comisia pentru evaluarea \u015fi asigurarea calit\u0103\u0163ii \u00een educa\u0163ie (CEAC), conform prevederilor legale \u00een vigoare.<\/p>\n<p>Structura organizatoric\u0103 este ilustrat\u0103 de c\u0103tre \u00a0conform organigram\u0103, afi\u015fat\u0103 la loc vizibil \u00een incinta unit\u0103\u0163ii de \u00eenv\u0103\u0163\u0103m\u00e2nt.<\/p>\n<p><strong>Atribu\u0163ii:<\/strong><\/p>\n<p><strong>Consiliul de administra\u0163ie:<\/strong><\/p>\n<p>-asigur\u0103 respectarea prevederilor legisla\u0163iei \u00een vigoare, actelor normative emise de c\u0103tre Ministerul Educa\u0163iei Na\u0163ionale , a deciziilor Inspectoratului \u015ecolar Jude\u0163ean Dolj;<\/p>\n<p>-administreaz\u0103, prin delegare din partea Consiliului local, terenurile \u015fi cl\u0103dirile \u00een care \u00ee\u015fi desf\u0103\u015foar\u0103 activitatea unitatea de \u00eenv\u0103\u0163\u0103m\u00e2nt, celelalte componente ale bazei materiale &#8211; mijloace fixe, obiecte de inventar, materiale care sunt de drept proprietatea unit\u0103\u0163ii de \u00eenv\u0103\u0163\u0103m\u00e2nt;<\/p>\n<p>-aprob\u0103 Proiectul de dezvoltare institu\u0163ional\u0103 \u015fi Planul managerial, dup\u0103 dezbaterea \u015fi avizarea sa \u00een Consiliul profesoral;<\/p>\n<p>-aprob\u0103 Regulamentul de organizare \u015fi func\u0163ionare intern\u0103 (ROFUI) al unit\u0103\u0163ii de \u00eenv\u0103\u0163\u0103m\u00e2nt, dup\u0103 ce a fost dezb\u0103tut \u00een Consiliul profesoral \u015fi \u00een Comisia paritar\u0103;<\/p>\n<p>&nbsp;<\/p>\n<p>-acord\u0103 calificative anuale pentru \u00eentreg personalul salariat, pe baza propunerilor rezultate din raportul general privind starea \u015fi calitatea \u00eenv\u0103\u0163\u0103m\u00e2ntului din unitatea \u015fcolar\u0103, a analizei \u015fefilor catedrelor\/comisiilor metodice, a celorlalte compartimente func\u0163ionale;<\/p>\n<p>-stabile\u015fte perioadele concediului de odihn\u0103, pe baza cererilor individuale scrise ale tuturor salaria\u0163ilor unit\u0103\u0163ii de \u00eenv\u0103\u0163\u0103m\u00e2nt, a propunerilor directorului, program\u0103rii anuale \u015fi \u00een urma consult\u0103rii sindicatului;<\/p>\n<p>-stabile\u015fte componen\u0163a \u015fi atribu\u0163iile comisiilor de lucru din unitatea de \u00eenv\u0103\u0163\u0103m\u00e2nt;<\/p>\n<p>-controleaz\u0103 periodic parcurgerea materiei \u015fi evaluarea ritmic\u0103 a elevilor, solicit\u00e2nd rapoarte sintetice din partea \u015fefilor de catedre\/comisii metodice;<\/p>\n<p>-nume\u015fte comisiile de cercetare a faptelor care constituie abateri disciplinare, s\u0103v\u00e2r\u015fite de personalul salariat al unit\u0103\u0163ii de \u00eenv\u0103\u0163\u0103m\u00e2nt, conform legisla\u0163iei \u00een vigoare;<\/p>\n<p>-stabile\u015fte sanc\u0163iuni disciplinare, pe baza raportului comisiei de cercetare, conform prevederilor legale \u00een vigoare \u015fi ale regulamentului de organizare \u015fi func\u0163ionare intern\u0103;<\/p>\n<p>-aprob\u0103 acordarea burselor \u015fcolare, conform legisla\u0163iei \u00een vigoare;<\/p>\n<p>-avizeaz\u0103 \u015fi propune ordonatorului de credite ierarhic superior, spre aprobare, proiectul bugetului anual de venituri \u015fi cheltuieli, \u00eentocmit de director \u015fi administrator financiar, pe baza solicit\u0103rilor \u015fefilor catedrelor sau comisiilor metodice \u015fi ale compartimentelor func\u0163ionale;<\/p>\n<p>-hot\u0103r\u0103\u015fte strategia de realizare \u015fi gestionare a resurselor financiare extrabugetare, conform legisla\u0163iei \u00een vigoare.<\/p>\n<p><strong>Consiliul profesoral:<\/strong><\/p>\n<ul>\n<li>analizeaz\u0103 \u015fi dezbate Raportul de evaluare intern\u0103 privind calitatea educa\u0163iei \u015fi Raportul general privind starea \u015fi calitatea \u00eenv\u0103\u0163\u0103m\u00e2ntului din unitatea \u015fcolar\u0103;<\/li>\n<li>dezbate, avizeaz\u0103 \u015fi propune Consiliului de administra\u0163ie, spre aprobare, Planul managerial al \u015fcolii;<\/li>\n<li>dezbate \u015fi aprob\u0103 rapoartele de activitate, planul anual de activitate precum \u015fi eventualele complet\u0103ri sau modific\u0103ri ale acestora;<\/li>\n<li>alege cadrele didactice care fac parte din Consiliul de administra\u0163ie \u015fi actualizeaz\u0103, dac\u0103 este cazul, componen\u0163a acestuia;<\/li>\n<li>aprob\u0103 componen\u0163a nominal\u0103 a comisiilor\/catedrelor metodice din unitatea de \u00eenv\u0103\u0163\u0103m\u00e2nt;<\/li>\n<li>valideaz\u0103 Raportul privind situa\u0163ia \u015fcolar\u0103 semestrial\u0103 \u015fi anual\u0103 prezentat\u0103 de fiecare diriginte, precum \u015fi situa\u0163ia \u015fcolar\u0103 dup\u0103 \u00eencheierea sesiunii de am\u00e2n\u0103ri, diferen\u0163e \u015fi corigen\u0163e;<\/li>\n<li>decide asupra tipului de sanc\u0163iune disciplinar\u0103 aplicat\u0103 elevilor care s\u0103v\u00e2r\u015fesc abateri;<\/li>\n<li>decide asupra acord\u0103rii recompenselor pentru elevi \u015fi pentru personalul salariat al unit\u0103\u0163ii de \u00eenv\u0103\u0163\u0103m\u00e2nt, conform reglement\u0103rilor \u00een vigoare;<\/li>\n<li>valideaz\u0103 notele la purtare mai mici de 7 (\u015fapte),<\/li>\n<li>valideaz\u0103 oferta de discipline op\u0163ionale pentru anul \u015fcolar \u00een curs;<\/li>\n<li>avizeaz\u0103 proiectul planului de \u015fcolarizare;<\/li>\n<li>dezbate \u015fi avizeaz\u0103 Regulamentul de organizare \u015fi func\u0163ionare intern\u0103 al unit\u0103\u0163ii de \u00eenv\u0103\u0163\u0103m\u00e2nt, \u00een \u015fedin\u0163\u0103 la care particip\u0103 cel pu\u0163in 2\/3 din personalul salariat al unit\u0103\u0163ii de \u00eenv\u0103\u0163\u0103m\u00e2nt;<\/li>\n<li>dezbate, la solicitarea Ministerului Educa\u0163iei Na\u0163ionale, a Inspectoratului \u015ecolar Jude\u0163en Cluj sau din proprie ini\u0163iativ\u0103, proiecte de legi sau de acte normative, care reglementeaz\u0103 activitatea instructiv-educativ\u0103 \u015fi transmite ISJ propuneri de modificare sau de completare a acestora;<\/li>\n<li>dezbate probleme legate de con\u0163inutul sau organizarea activit\u0103\u0163ii instructiv-educative din unitatea de \u00eenv\u0103\u0163\u0103m\u00e2nt.<\/li>\n<\/ul>\n<p><strong>Comisia pentru Evaluarea \u015fi Asigurarea Calit\u0103\u0163ii (CEAC):<\/strong><\/p>\n<ul>\n<li>elaboreaz\u0103 \u015fi coordoneaz\u0103 aplicarea procedurilor \u015fi activit\u0103\u0163ilor de evaluare \u015fi asigurare a calit\u0103\u0163ii, aprobate de conducerea unit\u0103\u0163ii \u015fcolare, conform domeniilor \u015fi criteriilor prev\u0103zute de legisla\u0163ia \u00een vigoare;<\/li>\n<li>elaboreaz\u0103 anual un raport de evaluare intern\u0103 privind calitatea educa\u0163iei \u00een unitatea \u015fcolar\u0103 respectiv\u0103, pe baza c\u0103ruia directorul elaboreaz\u0103 raportul general privind starea \u015fi calitatea \u00eenv\u0103\u0163\u0103m\u00e2ntului din unitatea \u015fcolar\u0103; raportul este adus la cuno\u015ftin\u0163a tuturor beneficiarilor, prin afi\u015fare sau publicare \u015fi este pus la dispozi\u0163ia evaluatorului extern;<\/li>\n<li>elaboreaz\u0103 propuneri de \u00eembun\u0103t\u0103\u0163ire a calit\u0103\u0163ii educa\u0163iei;<\/li>\n<li>coopereaz\u0103 cu agen\u0163ia rom\u00e2n\u0103 specializat\u0103 pentru asigurarea calit\u0103\u0163ii, cu alte agen\u0163ii \u015fi organisme abilitate sau institu\u0163ii similare din \u0163ar\u0103 ori din str\u0103in\u0103tate, potrivit legii.<\/li>\n<\/ul>\n<p><strong>Catedre\/comisii metodice:<\/strong><\/p>\n<ul>\n<li>elaboreaz\u0103 propunerile pentru oferta educa\u0163ional\u0103 a unit\u0103\u0163ii de \u00eenv\u0103\u0163\u0103m\u00e2nt \u015fi strategia acesteia, cuprinz\u00e2nd obiective, finalit\u0103\u0163i, resurse materiale \u015fi umane, curriculum la decizia \u015fcolii;<\/li>\n<li>elaboreaz\u0103 programe de activit\u0103\u0163i semestriale \u015fi anuale;<\/li>\n<li>consiliaz\u0103 cadrele didactice, \u00een procesul de elaborare a proiect\u0103rii didactice \u015fi a planific\u0103rilor semestriale;<\/li>\n<li>elaboreaz\u0103 instrumentele de evaluare \u015fi notare;<\/li>\n<li>analizeaz\u0103 periodic performan\u0163ele \u015fcolare ale elevilor;<\/li>\n<li>monitorizeaz\u0103 parcurgerea programei la fiecare clas\u0103 \u015fi modul \u00een care se realizeaz\u0103 evaluarea elevilor;<\/li>\n<li>organizeaz\u0103 \u015fi r\u0103spunde de desf\u0103\u015furarea recapitul\u0103rilor finale;<\/li>\n<li>organizeaz\u0103 activit\u0103\u0163i de preg\u0103tire special\u0103 a elevilor pentru examene \u015fi concursuri \u015fcolare;<\/li>\n<li>\u015feful de catedr\u0103\/comisie metodic\u0103 stabile\u015fte atribu\u0163iile fiec\u0103rui membru al catedrei\/comisiei metodice;<\/li>\n<li>\u015feful de catedr\u0103\/comisie metodic\u0103 evalueaz\u0103 activitatea fiec\u0103rui membru al catedrei\/comisiei metodice \u015fi propune consiliului de administra\u0163ie calificativele anuale ale acestora, \u00een baza unui raport bine documentat;<\/li>\n<li>organizeaz\u0103 activit\u0103\u0163i de formare continu\u0103 \u015fi de cercetare \u2013 ac\u0163iuni specifice unit\u0103\u0163ii de \u00eenv\u0103\u0163\u0103m\u00e2nt, lec\u0163ii demonstrative, schimburi de experien\u0163\u0103 etc.;<\/li>\n<li>\u015feful de catedr\u0103 sau un membru desemnat de acesta efectueaz\u0103 asisten\u0163e la lec\u0163iile personalului didactic de predare \u015fi de instruire practic\u0103 din cadrul catedrei, cu prec\u0103dere la stagiari \u015fi la cadrele didactice nou venite \u00een unitatea de \u00eenv\u0103\u0163\u0103m\u00e2nt;<\/li>\n<li>elaboreaz\u0103 inform\u0103ri, semestrial \u015fi la cererea directorului, asupra activit\u0103\u0163ii catedrei\/comisiei metodice, pe care le prezint\u0103 \u00een consiliul profesoral; implementeaz\u0103 \u015fi amelioreaz\u0103 standardele de calitate specifice;<\/li>\n<li>\u015feful catedrei\/comisiei metodice r\u0103spunde \u00een fa\u0163a directorului \u015fi a inspectorului de specialitate de activitatea profesional\u0103 a membrilor acesteia;<\/li>\n<li>\u015feful catedrei\/comisiei metodice are obliga\u0163ia de a participa la toate ac\u0163iunile ini\u0163iate de director \u015fi de a efectua asisten\u0163e la orele de curs, \u00een special la profesorii stagiari, la cei nou veni\u0163i, sau la cei \u00een activitatea c\u0103rora se constat\u0103 disfunc\u0163ii \u00een procesul de predare-\u00eenv\u0103\u0163are sau \u00een rela\u0163ia profesor-elev.<\/li>\n<\/ul>\n<p><strong>Compartimentul secretariat:<\/strong><\/p>\n<ul>\n<li>asigur\u0103 permanen\u0163a pe \u00eentreaga perioad\u0103 de desf\u0103\u015furare a orelor de curs;<\/li>\n<li>completeaz\u0103 actele de studii, foile matricole, registrele matricole \u015fi se ocup\u0103 de arhivarea tuturor documentelor \u015fcolare;<\/li>\n<li>procur\u0103, de\u0163ine \u015fi folose\u015fte sigiliile \u00een conformitate cu reglement\u0103rile \u00een vigoare;<\/li>\n<li>elibereaz\u0103 \u015fi \u0163ine eviden\u0163a actelor de studii \u00een conformitate cu prevederile \u201eRegulamentului privind regimul juridic al actelor de studii \u015fi al documentelor de eviden\u0163\u0103 \u015fcolar\u0103 \u00een \u00eenv\u0103\u0163\u0103m\u00e2ntul preuniversitar\u201d, aprobat prin ordin al ministrului educa\u0163iei na\u0163ionale;<\/li>\n<li>\u0163ine eviden\u0163a, selec\u0163ioneaz\u0103, p\u0103streaz\u0103 \u015fi depune documentele \u015fcolare la Arhivele Na\u0163ionale, dup\u0103 expirarea termenelor de p\u0103strare stabilite prin \u201dIndicatorul termenelor de p\u0103strare\u201d, aprobat prin ordin al ministrului educa\u0163iei na\u0163ionale, cu respectarea prevederilor Legii Arhivelor Na\u0163ionale nr. 16 din 2 aprilie 1996;<\/li>\n<li>\u00a0\u00eentocme\u015fte Statele de personal \u015fi Statele de plat\u0103 lunare pentru toti angaja\u0163ii unit\u0103\u0163ii de \u00eenv\u0103\u0163\u0103m\u00e2nt prin programul EDUSAL;<\/li>\n<li>p\u0103streaz\u0103 \u015fi \u0163ine eviden\u0163a contractelor individuale de munc\u0103 a tuturor salaria\u0163ilor prin programul REVISAL.<\/li>\n<\/ul>\n<p><strong>Compartimentul financiar-contabil:<\/strong><\/p>\n<ul>\n<li>\u00eendepline\u015fte orice sarcini financiar-contabile \u00eencredin\u0163ate de director sau stipulate expres \u00een acte normative<strong>.<\/strong><\/li>\n<\/ul>\n<p><strong>Compartimentul administrativ:<\/strong><\/p>\n<ul>\n<li>r\u0103spunde de gestionarea \u015fi de \u00eentre\u0163inerea bazei materiale a unit\u0103\u0163ii de \u00eenv\u0103\u0163\u0103m\u00e2nt, coordoneaz\u0103 activitatea personalului administrativ de \u00eentre\u0163inere \u015fi cur\u0103\u0163enie.<\/li>\n<\/ul>\n<p><strong>Programul de func\u0163ionare al institu\u0163iei:<\/strong><\/p>\n<ul>\n<li>cursuri: 08,00 \u2013 13,00 \u00eenv\u0103\u0163\u0103m\u00e2nt pre\u015fcolar<\/li>\n<li>cursuri; 08.00-13.00 \u00eenv\u0103\u0163\u0103m\u00e2nt primar<\/li>\n<li>cursuri 13.00-19.00 \u00eenv\u0103\u0163\u0103m\u00e2nt gimnazial<\/li>\n<\/ul>\n<p><strong>Programul de audien\u0163e:<\/strong><\/p>\n<ul>\n<li>director:<\/li>\n<\/ul>\n<p>p\u0103rin\u0163i: luni\u00a0 orele: 12.00-15.00; mar\u0163i, orele: 16.00-18.00, joi orele 16.00-18.00<\/p>\n<p>elevi: mar\u0163i 15.00-16.00, vineri 12.00-14.00, ori de c\u00e2te ori este nevoie<\/p>\n<p>personalul propriu: \u00a0luni orele 8.00-10.00, mar\u0163i orele 14.00-15.00, joi orele 14.00-15.00, vineri 8.00-10.00<\/p>\n<ul>\n<li>director adjunct:<\/li>\n<\/ul>\n<p>p\u0103rin\u0163i: \u00a0miercuri orele 12.00-15.00, joi orele 12.00-14.00, vineri orele 9.00-11.00<\/p>\n<p>elevi : luni\u00a0 orele: 13.00-15.00; mar\u0163i , orele: 10.00-12.00, vineri orele 11.0-13.00<\/p>\n<p>personalul propriu: luni orele 11.00-13.00, mar\u0163i orele 12.00-14.00, miercuri orele 15.00-17.00, joi orele 10.00-12.00<\/p>\n<p><strong>Programul de rela\u0163ii cu publicul al secretariatului: <\/strong><\/p>\n<p><strong>\u00a0\u00a0\u00a0\u00a0\u00a0\u00a0\u00a0\u00a0\u00a0\u00a0 <\/strong>zilnic<strong>, <\/strong>\u00eentre orele: 8.00-9.00;12.00-13.00; 15.00-17.00<\/p>\n<ul>\n<li><strong>Numele persoanei responsabil\u0103 cu difuzarea informa\u0163iilor publice<\/strong>\n<ul>\n<li>director &#8211; prof. Raluca Mihaela MITRAN<\/li>\n<li>director adjunct \u2013 prof. Alina Beatrice RUSU<\/li>\n<\/ul>\n<\/li>\n<li>secretar \u015fef \u2013 Mirela UDREA<\/li>\n<\/ul>\n<ol>\n<li><strong> Coordonatele de contact ale institu\u0163iei:<\/strong><\/li>\n<\/ol>\n<ul>\n<li>denumire: \u015ecoala Gimnazial\u0103 ,,Mihai Eminescu\u201d<\/li>\n<li>adresa: str. Ion Tuculescu, nr. 3, loc. Craiova<\/li>\n<li>telefon: 0251 439194 \/0351417055 ; 0351417054<\/li>\n<li>fax: 0251 439194<\/li>\n<li>e-mail: <a href=\"mailto:scgimnmihaieminescu@yahoo.com\">scgimnmihaieminescu@yahoo.com<\/a><\/li>\n<\/ul>\n<ol>\n<li><strong>Surse financiare<\/strong>\n<ul>\n<li>Bugetul local (Prin Consiliul local al municipiului Craiova)<\/li>\n<li>Bugetul de stat (prin Inspectoratul \u015ecolar Judetean Dolj)<\/li>\n<\/ul>\n<\/li>\n<\/ol>\n<ul>\n<li>Bugetul de venituri proprii<\/li>\n<\/ul>\n<p>Bugetul institu\u0163iei pe surse de finan\u0163are este aprobat anual de Prim\u0103ria municipiului Craiova \u015fi Inspectoratul \u015ecolar Jude\u0163ean Dolj.<\/p>\n<p>Bilan\u0163ul contabil se \u00eentocme\u015fte trimestrial \u015fi anual pe surse de finan\u0163are.<\/p>\n<ol>\n<li><strong> Programe \u015fi strategii proprii:<\/strong><\/li>\n<\/ol>\n<ul>\n<li>Elaborarea Proiectului de dezvoltare institu\u0163ional\u0103 pe termen mediu (4 ani 2017-2021)<\/li>\n<li>Planul managerial<\/li>\n<li>Promovarea ofertei educa\u0163ionale<\/li>\n<li>Asigurarea calit\u0103\u0163ii serviciilor educa\u0163ionale<\/li>\n<li>\u00cencheierea de parteneriate institu\u0163ionale<\/li>\n<li>Realizarea de proiecte educa\u0163ionale<\/li>\n<li>\u00cencheierea de contracte de sponsorizare<\/li>\n<li>\u00cencheierea de contracte de colaborare<\/li>\n<li>Asigurarea resurselor financiare\/ materiale<\/li>\n<li>Asigurarea resursei umane (cadre didactice, personal auxiliar \u015fi nedidactic)<\/li>\n<\/ul>\n<p><strong>VII. Lista cuprinz\u00e2nd documentele de interes public:<\/strong><\/p>\n<ul>\n<li>Proiectul de dezvoltare institu\u0163ional\u0103 (PDI)<\/li>\n<li>Planul managerial, programe manageriale, planuri opera\u0163ionale<\/li>\n<li>Regulamentul de organizare \u015fi func\u0163ionare intern\u0103 (ROFUI), regulament intern (RI)<\/li>\n<li>Organigrama institu\u0163iei<\/li>\n<li>Oferta educa\u0163ional\u0103, oferta curricular\u0103<\/li>\n<li>Planul de \u015fcolarizare<\/li>\n<li>Planul de \u00eencadrare<\/li>\n<li>Planul de activit\u0103\u0163i educative \u015fcolare \u015fi extra\u015fcolare<\/li>\n<li>Programul de activit\u0103\u0163i \u201c\u015ecoala altfel\u201d<\/li>\n<li>Hot\u0103r\u00e2ri ale Consiliului de administra\u0163ie<\/li>\n<li>Rezultate ale elevilor ob\u0163inute la Evalu\u0103rile Na\u0163ionale<\/li>\n<li>Buigetul de venituri \u015fi cheltuieli al \u015fcolii<\/li>\n<li>Bugetul de venituri extrabugetare<\/li>\n<li>Structura anului \u015fcolar<\/li>\n<li>Documente referitoare la: mi\u015fcarea personalului didactic, admiterea elevilor \u00een liceu \u015fi \u00eenv\u0103\u0163\u0103m\u00e2ntul profesional, sus\u0163inerea examenelor nationale<\/li>\n<\/ul>\n<p><strong>VIII. Lista cuprinz\u00e2nd categoriile de documente produse \u015fi\/sau gestionate, potrivit legii:<\/strong><\/p>\n<ul>\n<li>Proiectul de dezvoltare institu\u0163ional\u0103 (PDI)<\/li>\n<li>Planul managerial<\/li>\n<li>Regulamentul de organizare \u015fi func\u0163ionare intern\u0103 (ROFUI)<\/li>\n<li>Documente ale Comisiei de evaluare \u015fi asigurare a calit\u0103\u0163ii (CEAC)<\/li>\n<li>Metodologii MEN \u015fi ordine de ministru<\/li>\n<li>Documente ISJ<\/li>\n<li>Hot\u0103r\u00e2ri, ordonan\u0163e ale guvernului<\/li>\n<\/ul>\n<ol>\n<li><strong> Modalita\u0163ile de contestare a deciziei autorit\u0103\u0163ii sau a institu\u0163iei publice \u00een situa\u0163ia \u00een care persoana se consider\u0103 v\u0103t\u0103mat\u0103 \u00een privin\u0163a dreptului de acces la informa\u0163iile de interes public solicitate:<\/strong><\/li>\n<\/ol>\n<p>Persoana care se consider\u0103 v\u0103t\u0103mat\u0103 \u00een privin\u0163a dreptului de acces la informa\u0163iile de interes public, poate depune contesta\u0163ie\/memoriu, \u00een scris, c\u0103tre conducerea institutiei, care va fi \u00eentregistrat\u0103 la secretariatul \u015fcolii sau la forurile superioare ( Inspectoratul \u015ecolar Jude\u0163ean Dolj, Ministerul Educa\u0163iei Na\u0163ionale \u00a0).<\/p>\n<p>Toate informa\u0163iile men\u0163ionate mai sus sunt disponibile at\u00e2t la sediul institu\u0163iei c\u00e2t \u015fi pe pagina proprie de internet <a href=\"http:\/\/www.scgimnmihaieminescu.ro\">www.scgimnmihaieminescu.ro<\/a><\/p>\n<p>&nbsp;<\/p>\n<p>Director,<\/p>\n<p>Prof. Raluca Mihaela MITRAN<\/p>\n","protected":false},"excerpt":{"rendered":"<p>SOLICITARE INFORMATII. LEGISLATIE BULETIN INFORMATIV PRIVIND APLICAREA LEGII NR 544\/2001 Nr.: 50 .din: 17.01.2017 Buletin informativ privind aplicarea Legii nr. 544\/2001 Acte normative care reglementeaz\u0103 organizarea \u015fi func\u0163ionarea \u015ecolii Gimnaziale ,,Mihai Eminescu \u201d Craiova Legea educa\u0163iei na\u0163ionale (Legea nr. 1\/2011) Regulamentul de organizare \u015fi func\u0163ionare a unit\u0103\u0163ilor de \u00eenv\u0103\u0163\u0103m\u00e2nt preuniversitar(ROFUIP) aprobat prin Ordinul M.E.N.C.S. nr. [&hellip;]<\/p>\n","protected":false},"author":1,"featured_media":0,"parent":2,"menu_order":0,"comment_status":"closed","ping_status":"closed","template":"","meta":[],"_links":{"self":[{"href":"https:\/\/old.scmihaieminescu.ro\/index.php?rest_route=\/wp\/v2\/pages\/682"}],"collection":[{"href":"https:\/\/old.scmihaieminescu.ro\/index.php?rest_route=\/wp\/v2\/pages"}],"about":[{"href":"https:\/\/old.scmihaieminescu.ro\/index.php?rest_route=\/wp\/v2\/types\/page"}],"author":[{"embeddable":true,"href":"https:\/\/old.scmihaieminescu.ro\/index.php?rest_route=\/wp\/v2\/users\/1"}],"replies":[{"embeddable":true,"href":"https:\/\/old.scmihaieminescu.ro\/index.php?rest_route=%2Fwp%2Fv2%2Fcomments&post=682"}],"version-history":[{"count":7,"href":"https:\/\/old.scmihaieminescu.ro\/index.php?rest_route=\/wp\/v2\/pages\/682\/revisions"}],"predecessor-version":[{"id":1426,"href":"https:\/\/old.scmihaieminescu.ro\/index.php?rest_route=\/wp\/v2\/pages\/682\/revisions\/1426"}],"up":[{"embeddable":true,"href":"https:\/\/old.scmihaieminescu.ro\/index.php?rest_route=\/wp\/v2\/pages\/2"}],"wp:attachment":[{"href":"https:\/\/old.scmihaieminescu.ro\/index.php?rest_route=%2Fwp%2Fv2%2Fmedia&parent=682"}],"curies":[{"name":"wp","href":"https:\/\/api.w.org\/{rel}","templated":true}]}}