
{"id":638,"date":"2017-02-17T08:31:58","date_gmt":"2017-02-17T08:31:58","guid":{"rendered":"http:\/\/sc37mihaieminescu.ro\/?page_id=638"},"modified":"2022-04-09T15:54:53","modified_gmt":"2022-04-09T15:54:53","slug":"clasa-pregatitoare-2017-2018","status":"publish","type":"page","link":"https:\/\/old.scmihaieminescu.ro\/?page_id=638","title":{"rendered":"NOU! CLASA PREG\u0102TITOARE 2022-2023"},"content":{"rendered":"<p style=\"text-align: center;\"><strong><span style=\"color: #800000;\"><span style=\"color: #ff0000;\">NOU! \u00a0<span style=\"color: #000000;\">\u00ceNCEP \u00ceNSCRIERILE LA CLASA PREG\u0102TITOARE!<\/span><\/span><\/span><\/strong><\/p>\n<p><a href=\"http:\/\/scmihaieminescu.ro\/?attachment_id=1268\" rel=\"attachment wp-att-1268\"><img loading=\"lazy\" class=\"aligncenter size-medium wp-image-1268\" src=\"http:\/\/scmihaieminescu.ro\/wp-content\/uploads\/2021\/03\/INSCRIERI-CLASA-PREG\u0102TITOARE-300x114.png\" alt=\"\" width=\"300\" height=\"114\" srcset=\"https:\/\/old.scmihaieminescu.ro\/wp-content\/uploads\/2021\/03\/INSCRIERI-CLASA-PREG\u0102TITOARE-300x114.png 300w, https:\/\/old.scmihaieminescu.ro\/wp-content\/uploads\/2021\/03\/INSCRIERI-CLASA-PREG\u0102TITOARE-768x292.png 768w, https:\/\/old.scmihaieminescu.ro\/wp-content\/uploads\/2021\/03\/INSCRIERI-CLASA-PREG\u0102TITOARE.png 985w\" sizes=\"(max-width: 300px) 100vw, 300px\" \/><\/a><\/p>\n<p><span style=\"color: #000000;\"><strong>1.Circumscrip\u0163ia \u015fcolar\u0103:\u00a0<\/strong><\/span><\/p>\n<p>ALE. 3 DRUMUL PUBLIC *** BLD. DECEBAL (ROCADA) BL. O1, O2, O3, U12, N11, N12, 5, 6, 7, 8, N10, N9, S1,<br \/>\nS2, S3 *** CAL. BUCURESTI BL. O10, O11, O12, O13, O14, O15, O5, O6, O7, O8, O9, U10, U11, U6b, U7, U8,<br \/>\nU9, N22, N23, N24, N25, T12, T13, T14, T15, 271 &#8211; 321, 187 &#8211; 269 si bl. 1 (bl aeroport), 2 (bl aeroport), 267, camin<br \/>\nAvioane, 269 camin IML, 3 (bl aeroport), 4 (bl. aeroport), 5 (bl aeroport), 6 (bl aeroport), 7 (bl aeroport), camin<br \/>\nSDE, bl. N14, N15, N16, N17, N18, N21, T10, T11, N1, N1a, N1b, N2, N3, N4, N5a, N5b, N5c, N5d, N6, N7, N8,<br \/>\nT5, T6 *** STR. DOSUL BALTII *** STR. EUSTATIU STOENESCU BL. F1, F10, F11, F12, F13, F14, F15, F16,<br \/>\nF17, F18, F19, F2, F7, F8, F9, G5 *** STR. TEHNICII BL. A14, A20, A22, C\u0103min stud. Electroteh, BL. O4, U1, U2<br \/>\n*** STR. PLAIUL VULCANESTI *** STR. ION TUCULESCU Camin-1, Camin-3, Camin2-IUG, camine<br \/>\nElectroputere, BL. O16, U6a *** STR. ION TUCULESCU BL. A15, A16, A17, A18, A19, A21, V5, V6, V7, V8, V9 ***<br \/>\nSTR. STIINTEI *** ALE. 1 DRUMUL APELOR *** ALE. 2 DRUMUL APELOR *** ALE. 3 DRUMUL APELOR ***<br \/>\nALE. 4 DRUMUL APELOR *** ALE. 5 DRUMUL APELOR *** ALE. 6 DRUMUL APELOR *** ALE. 1 DRUMUL<br \/>\nMUNTENILOR *** ALE. 2 DRUMUL MUNTENILOR *** ALE. 1 PLAIUL VULCANESTI *** ALE. 2 PLAIUL<br \/>\nVULCANESTI *** ALE. 3 PLAIUL VULCANEST I *** STR. DRUMUL APELOR *** STR. DRUMUL MUNTENILOR<br \/>\n*** STR. GRIGORE PLESOIANU bl.1, 2, 3, 4, S1\u2026, T1\u2026 (vis a vis de SUCPI)<\/p>\n<p><strong>2.\u00a0 \u00a0<\/strong><strong>Metodologia \u0219i calendarul \u00eenscrieriii \u00een \u00eenv\u0103\u021b\u0103m\u00e2ntul primar pentru anul \u0219colar 2022 &#8211; 2023\u00a0au fost aprobate prin ordinul de ministru\u00a03.445\/17.03.2022.<\/strong><\/p>\n<p><a href=\"https:\/\/www.edu.ro\/inscriere-invatamant-primar\">https:\/\/www.edu.ro\/inscriere-invatamant-primar<\/a><\/p>\n<p><strong>3. Num\u0103r clase aprobate\u00a0pentru anul \u015fcolar 2022-2023, conform Planului de \u015fcolarizare din S.I.I.R.\u00a0<\/strong><\/p>\n<p style=\"text-align: center;\"><span style=\"color: #ff0000;\"><strong>DOU\u0102\u00a0 CLASE- 44 de locuri aprobate.<\/strong><\/span><\/p>\n<p><strong>4. Acte necesare \u00eenscrierii:<\/strong><\/p>\n<p><strong>Documentele necesare \u00eenscrierii\u00a0 elevilor \u00een clasa preg\u0103titoare \u00een anul \u0219colar 2022-2023 sunt:<\/strong><\/p>\n<p>&#8211; fotocopie dupa certificatul de na\u0219tere al copilului;<\/p>\n<p>&#8211; fotocopie dupa actul de identitate al p\u0103rintelui;<\/p>\n<p>&#8211; actele, \u00een original, \u00een vederea certific\u0103rii \u201dconform cu originalul\u201d<\/p>\n<p>&#8211; cerere-tip completat\u0103 la secretariatul \u0219colii;<\/p>\n<p>-rezultatul evalu\u0103rii psiho-somatice (dac\u0103 este cazul);<\/p>\n<p>-orice alt document care dovede\u0219te \u00eendeplinirea criteriilor specifice alese de unitate;<\/p>\n<p><strong>5. Cereri tip de \u00eenscriere in clasa pregatitoare, pentru anul scolar 2022-2023:<\/strong><\/p>\n<p><a href=\"https:\/\/inscriere.edu.ro\/\">https:\/\/inscriere.edu.ro\/<\/a><\/p>\n<p><strong>Formularul de \u00eenscriere<\/strong> este disponibil \u00een perioada <strong>11.04.2022-10.05.2022<\/strong> pentru \u00eenscrierile aferente <strong>etapei I,<\/strong><\/p>\n<p>respectiv <strong>31.05.2022-07.06.2022<\/strong> pentru \u00eenscrierile aferente <strong>etapei a II-a.<\/strong><\/p>\n<p style=\"text-align: justify;\"><strong>6.Validarea cererilor: zilnic \u00een intervalul 8.00-16.00 (luni-vineri)<\/strong><\/p>\n<p><strong>7. Telefon pentru informa\u021bii suplimentare la secretariatul \u0219colii\u00a0<\/strong>\u00a0 &#8211;\u00a0 <strong>0251.439.194<\/strong>;<\/p>\n<p><strong>8. TelVerde:\u00a0utilizat pentru a ob\u021bine informa\u021bii generale privind \u00eenscrierea \u00een \u00eenv\u0103\u021b\u0103m\u00e2ntul primar 0.800.816.251.<\/strong><\/p>\n<p><a href=\"http:\/\/scmihaieminescu.ro\/wp-content\/uploads\/2020\/02\/TelVerde.png\"><img loading=\"lazy\" class=\"aligncenter size-full wp-image-1058\" src=\"http:\/\/scmihaieminescu.ro\/wp-content\/uploads\/2020\/02\/TelVerde.png\" alt=\"\" width=\"220\" height=\"114\" \/><\/a><\/p>\n<p>Num\u0103rul de\u00a0telefon\u00a0TelVerde\u00a0pentru a ob\u021bine informa\u021bii privind \u00eenscrierea \u00een \u00eenv\u0103\u021b\u0103m\u00e2ntul primar este\u00a0disponibil zilnic, \u00een intervalul orar 9:00-16:30, de luni p\u00e2n\u0103 vineri, p\u00e2n\u0103 la \u00eencheierea tuturor etapelor de \u00eenscriere.<\/p>\n<p><strong>9. <span style=\"color: #ff0000;\">NOU! OFERTA EDUCA\u021aIONAL\u0102 PENTRU ANUL \u0218COLAR 2022-2023:<\/span><\/strong><\/p>\n<p><strong>-Se organizeaz\u0103 programul EduClub, program de sprijin pentru copiii cu p\u0103rin\u021bi ocupa\u021bi (activit\u0103\u021bi \u00een completarea programului \u0219colar) \u2013 1 grup\u0103 cu maxim 20 elevi;<\/strong><\/p>\n<p><iframe loading=\"lazy\" width=\"655\" height=\"368\" src=\"https:\/\/www.youtube.com\/embed\/M-RPk1i6L6Y?feature=oembed\" frameborder=\"0\" allow=\"accelerometer; autoplay; clipboard-write; encrypted-media; gyroscope; picture-in-picture\" allowfullscreen><\/iframe><\/p>\n<p>&nbsp;<\/p>\n<p>&nbsp;<\/p>\n<p>&nbsp;<\/p>\n<p>&nbsp;<\/p>\n<p>&nbsp;<\/p>\n","protected":false},"excerpt":{"rendered":"<p>NOU! \u00a0\u00ceNCEP \u00ceNSCRIERILE LA CLASA PREG\u0102TITOARE! 1.Circumscrip\u0163ia \u015fcolar\u0103:\u00a0 ALE. 3 DRUMUL PUBLIC *** BLD. DECEBAL (ROCADA) BL. O1, O2, O3, U12, N11, N12, 5, 6, 7, 8, N10, N9, S1, S2, S3 *** CAL. BUCURESTI BL. O10, O11, O12, O13, O14, O15, O5, O6, O7, O8, O9, U10, U11, U6b, U7, U8, U9, N22, N23, [&hellip;]<\/p>\n","protected":false},"author":1,"featured_media":0,"parent":2,"menu_order":0,"comment_status":"closed","ping_status":"closed","template":"","meta":[],"_links":{"self":[{"href":"https:\/\/old.scmihaieminescu.ro\/index.php?rest_route=\/wp\/v2\/pages\/638"}],"collection":[{"href":"https:\/\/old.scmihaieminescu.ro\/index.php?rest_route=\/wp\/v2\/pages"}],"about":[{"href":"https:\/\/old.scmihaieminescu.ro\/index.php?rest_route=\/wp\/v2\/types\/page"}],"author":[{"embeddable":true,"href":"https:\/\/old.scmihaieminescu.ro\/index.php?rest_route=\/wp\/v2\/users\/1"}],"replies":[{"embeddable":true,"href":"https:\/\/old.scmihaieminescu.ro\/index.php?rest_route=%2Fwp%2Fv2%2Fcomments&post=638"}],"version-history":[{"count":30,"href":"https:\/\/old.scmihaieminescu.ro\/index.php?rest_route=\/wp\/v2\/pages\/638\/revisions"}],"predecessor-version":[{"id":1260,"href":"https:\/\/old.scmihaieminescu.ro\/index.php?rest_route=\/wp\/v2\/pages\/638\/revisions\/1260"}],"up":[{"embeddable":true,"href":"https:\/\/old.scmihaieminescu.ro\/index.php?rest_route=\/wp\/v2\/pages\/2"}],"wp:attachment":[{"href":"https:\/\/old.scmihaieminescu.ro\/index.php?rest_route=%2Fwp%2Fv2%2Fmedia&parent=638"}],"curies":[{"name":"wp","href":"https:\/\/api.w.org\/{rel}","templated":true}]}}