
{"id":609,"date":"2017-02-15T18:02:46","date_gmt":"2017-02-15T18:02:46","guid":{"rendered":"http:\/\/sc37mihaieminescu.ro\/?page_id=609"},"modified":"2019-09-29T05:38:33","modified_gmt":"2019-09-29T05:38:33","slug":"parteneriatele-educationale-in-anul-scolar-2016-2017","status":"publish","type":"page","link":"https:\/\/old.scmihaieminescu.ro\/?page_id=609","title":{"rendered":"PARTENERIATELE EDUCA\u0162IONALE \u00ceN ANUL \u015eCOLAR 2018-2019"},"content":{"rendered":"<p><strong>PARTENERIATELE EDUCA\u0162IONALE \u00ceN ANUL \u015eCOLAR 2018-2019<\/strong><\/p>\n<p>&nbsp;<\/p>\n<table width=\"697\">\n<tbody>\n<tr>\n<td width=\"36\">Nr<\/p>\n<p>crt<\/td>\n<td width=\"132\">Nume proiect\/parteneriat<\/td>\n<td width=\"108\">Tip proiect<\/td>\n<td width=\"198\">Parteneri<\/td>\n<td width=\"223\">Coordonator<\/td>\n<\/tr>\n<tr>\n<td width=\"36\">1.<\/td>\n<td width=\"132\">\u201eALIMENTA\u0162IE S\u0102N\u0102TOAS\u0102\u201d<\/td>\n<td width=\"108\">Parteneriat educa\u0163ional<\/td>\n<td width=\"198\">Societatea studen\u0163ilor medicini\u015fti Craiova<\/p>\n<p>&nbsp;<\/td>\n<td width=\"223\">Prof. Petrescu Rodica, P.i.p Voican Victoria, Prof. Br\u0103t\u0103\u015fanu Daniela<\/p>\n<p>Prof. Bistriceanu Daniela, Prof. C\u00e2r\u0163\u00e2n\u0103 Firu\u0163a, Prof. R\u0103du\u0163 Liu\u0163a<\/td>\n<\/tr>\n<tr>\n<td width=\"36\">2.<\/td>\n<td width=\"132\">\u201eUMBLA\u0162I \u00ceN LUMIN\u0102\u201d<\/td>\n<td width=\"108\">Parteneriat educa\u0163ional<\/td>\n<td width=\"198\">\u015ec.Gimn. Co\u0163ofenii din dos<\/p>\n<p>Parohia Co\u0163ofenii din dos<\/p>\n<p>Seminarul Teologic Ortodox \u201eSf. Grigorie Teologul\u201d<\/p>\n<p>Liceul Tehnic UCECOM \u201eSpiru Haret\u201d Craiova<\/td>\n<td width=\"223\">Prof. Flori Adriana, Prof. S\u00eerbu Maria<\/p>\n<p>Prof. Cojocaru Marinela, Prof. St\u0103nic\u0103 Mirela, Prof. Radu Liana<\/p>\n<p>Prof. Bitoleanu Daniel<\/p>\n<p>Prof. Cojocaru Cristian<\/td>\n<\/tr>\n<tr>\n<td width=\"36\">3.<\/td>\n<td width=\"132\">\u201eUN STROP DE CREDIN\u0162\u0102\u201d<\/td>\n<td width=\"108\">Parteneriat educa\u0163ional<\/td>\n<td width=\"198\">Biserica Eroii Neamului Craiova<\/td>\n<td width=\"223\">Prof. Gu\u015fatu Carmen, prof. Dinu Mihaela, Prof. Bretan Simona, Prof. M\u00e2ndr\u0103 Ioana, Prof. Br\u0103t\u0103\u015fanu Daniela<\/p>\n<p>Prof. Petrescu Rodica, Prof. R\u0103du\u0163 Liu\u0163a<\/td>\n<\/tr>\n<tr>\n<td width=\"36\">4.<\/td>\n<td width=\"132\">\u201eUN Z\u00c2MBET DE SPERAN\u0162\u0102\u201d<\/td>\n<td width=\"108\">Parteneriat educa\u0163ional<\/td>\n<td width=\"198\">C\u0103minul de persoane v\u00e2rstnice craiova<\/td>\n<td width=\"223\">Prof. Nicolae Elena, P.i.p Lungu Ionica<\/p>\n<p>Prof. Dr\u0103niceanu Dorina, Prof. Giurc\u0103 Daiana<\/td>\n<\/tr>\n<tr>\n<td width=\"36\">5.<\/td>\n<td width=\"132\">\u201eS\u0102 FIM S\u0102N\u0102TO\u015eI!\u201d<\/td>\n<td width=\"108\">Parteneriat educa\u0163ional<\/td>\n<td width=\"198\"><\/td>\n<td width=\"223\">Prof. Nicolae Elena, prof. Lungu Ionica, prof. Dr\u0103niceanu Dorina, prof. Br\u0103t\u0103\u015fanu Daniela, as. Med. Gavril\u0103 Lavinia<\/td>\n<\/tr>\n<tr>\n<td width=\"36\">6.<\/td>\n<td width=\"132\">\u201eAMPRENTA PE SUFLETUL COPIL\u0102RIEI\u201d<\/td>\n<td width=\"108\">Parteneriat educa\u0163ional<\/td>\n<td width=\"198\">\u015ec. Gimn. \u201eEliza Opran\u201d I\u015falni\u0163a<\/td>\n<td width=\"223\">Prof. Nicolae Elena, Prof. Dr\u0103niceanu Dorina, prof. Lungu Ionica<\/p>\n<p>Prof. C\u00eerstea Georgeta<\/td>\n<\/tr>\n<tr>\n<td width=\"36\">7.<\/td>\n<td width=\"132\">\u201eNE JUC\u0102M, DAR VIS\u0102M LA \u015eCOAL\u0102 S\u0102 ALERG\u0102M\u201d<\/td>\n<td width=\"108\">Parteneriat educa\u0163ional<\/td>\n<td width=\"198\">Gr\u0103dini\u0163a \u201ePrichindel\u201d<\/td>\n<td width=\"223\">Prof. Dr\u0103niceanu Dorina, prof. M\u00eendr\u0103 Ioana, prof. G\u00eengioveanu Cosmina<\/td>\n<\/tr>\n<tr>\n<td width=\"36\">8.<\/td>\n<td width=\"132\">\u201eC\u0102L\u0102TORIE \u00ceN LUMEA C\u0102R\u0162ILOR\u201d<\/td>\n<td width=\"108\"><\/td>\n<td width=\"198\"><\/td>\n<td width=\"223\">Prof. Dr\u0103niceanu Dorina, prof. Lungu Ionica, prof. Giurc\u0103 Daiana<\/td>\n<\/tr>\n<tr>\n<td width=\"36\">9.<\/td>\n<td width=\"132\">\u201eBIBLIOTECA DIN RUCSAC\u201d<\/td>\n<td width=\"108\">Parteneriat educa\u0163ional<\/td>\n<td width=\"198\">\u015ec. Gimn. Co\u015foveni<\/p>\n<p>Liceul Tehnologic \u201eAlexandru Macedonski\u201d Meline\u015fti<\/td>\n<td width=\"223\">Prof. Vancica Alina, Prof. Dasc\u0103lu Irina<\/p>\n<p>Prof. Mitru\u0163 C\u0103t\u0103lina, Prof. Didu Alina<\/p>\n<p>Prof. Chiu\u0163u Roxana<\/td>\n<\/tr>\n<tr>\n<td width=\"36\">10.<\/td>\n<td width=\"132\">\u201eLUMEA TEATRULUI-TEATRUL LUMII\u201d<\/td>\n<td width=\"108\">Parteneriat educa\u0163ional<\/td>\n<td width=\"198\">Teatrul Na\u0163ional \u201eMarin Sorescu\u201d<\/td>\n<td width=\"223\">Prof. Gu\u015fatu Carmen, Prof. Bretan Simona, Prof. Vancica Alina<\/td>\n<\/tr>\n<tr>\n<td width=\"36\">11.<\/td>\n<td width=\"132\">\u201eTOLERAN\u0162\u0102 \u015eI PRIETENIE\u201d<\/td>\n<td width=\"108\">Parteneriat educa\u0163ional<\/td>\n<td width=\"198\">\u015ec. Gimn. \u201eAlexandru Macedonski\u201d Craiova<\/p>\n<p>\u015ec. Gimn. Nr. 2 Caracal, \u015ec. Gimn. \u201eGheorghe Magheru\u201d Caracal<\/td>\n<td width=\"223\">Prof. Ionescu Mihaela, Prof. Petrescu Rodica, Prof. Voican Victoria<\/p>\n<p>Prof. Ionescu Maria, Prof. Becherescu Mariana, Prof. Benescu Mariana Aura<\/p>\n<p>Prof. Cioroianu Sanda, Prof. Groz\u0103vescu Nadia<\/td>\n<\/tr>\n<tr>\n<td width=\"36\">12.<\/td>\n<td width=\"132\">\u201e\u00ceMPREUN\u0102&#8230;CU NATURA\u201d<\/td>\n<td width=\"108\">Parteneriat educa\u0163ional<\/td>\n<td width=\"198\">Gr\u0103dina Botanic\u0103 \u201eAlexandru Buia\u201d Craiova<\/td>\n<td width=\"223\">Prof. Ionescu Mihaela, Prof. Petrescu Rodica, Prof. Voican Victoria<\/td>\n<\/tr>\n<tr>\n<td width=\"36\">13.<\/td>\n<td width=\"132\">\u201eDIVERSITATEA\u00a0 VIE\u0162II\u201d<\/td>\n<td width=\"108\">Parteneriat educa\u0163ional<\/td>\n<td width=\"198\">Muzeul Olteniei Sec\u0163ia de \u015etiin\u0163e ale Naturii Craiova<\/td>\n<td width=\"223\">Prof. Ionescu Mihaela<\/p>\n<p>Prof. Voican Victoria<\/td>\n<\/tr>\n<tr>\n<td width=\"36\">14.<\/td>\n<td width=\"132\">\u201dMINTE S\u0102N\u0102TOAS\u0102 \u00ceN CORP S\u0102N\u0102TOS!\u201d<\/td>\n<td width=\"108\">Parteneriat educa\u0163ional<\/td>\n<td width=\"198\">Direc\u0163ia de S\u0103n\u0103tate Public\u0103 Dolj<\/td>\n<td width=\"223\">Prof. Ionescu Mihaela<\/p>\n<p>Prof. Voican Victoria<\/p>\n<p>Prof. Mitran Raluca<\/td>\n<\/tr>\n<tr>\n<td width=\"36\">15.<\/td>\n<td width=\"132\">\u201eSTRADA, PRIETEN SAU DU\u015eMAN\u201d<\/td>\n<td width=\"108\">Parteneriat educa\u0163ional<\/td>\n<td width=\"198\">Inspectoratul de Poli\u0163ie al jude\u0163ului Dolj, Serviciul Poli\u0163iei Rutiere<\/td>\n<td width=\"223\">Prof. Mitran Raluca Mihaela, Prof. M\u00e2ndr\u0103 Ionela, prof. Bistriceanu Ileana Daniela, prof. Cimpoeru Elena, prof. R\u0103du\u0163 Liu\u0163a<\/td>\n<\/tr>\n<tr>\n<td width=\"36\">16.<\/td>\n<td width=\"132\">\u201eVIOLEN\u0162A- O REALIATATE A ZILELOR NOASTRE\u201d<\/td>\n<td width=\"108\">Parteneriat educa\u0163ional<\/td>\n<td width=\"198\">Inspectoratul de Poli\u0163ie al jude\u0163ului Dolj, Sec\u0163ia 3 Poli\u0163ie Craiova<\/td>\n<td width=\"223\">Prof. Mitran Raluca, prof. Cimpoeru Elena<\/td>\n<\/tr>\n<tr>\n<td width=\"36\">17.<\/td>\n<td width=\"132\">\u201ePUNTI \u00ceNTRE SAT SI ORA\u015e\u201d<\/td>\n<td width=\"108\">Parteneriat educa\u0163ional<\/td>\n<td width=\"198\">Sc. Gimn. Co\u0163ofenii din dos<\/p>\n<p>&nbsp;<\/td>\n<td width=\"223\">Prof. S\u00eerbu Maria ,Prof. Flori Adriana si prof.\u00a0 Stolojanu Gabriela, preot Cojocaru Cristian, prof. C\u00e2r\u0163u Silvia, Prof. Nicolae Elena, prof. R\u0103du\u0163 Liu\u0163a, prof. Dinu Mihaela, prof. St\u0103nic\u0103 Mirela<\/td>\n<\/tr>\n<tr>\n<td width=\"36\">18.<\/td>\n<td width=\"132\">\u201eC\u0102L\u0102TORIE MULTICULTURAL\u0102 \u00ceN SPA\u0162IUL \u015eCOLAR\u201d<\/td>\n<td width=\"108\">Parteneriat educa\u0163ional<\/td>\n<td width=\"198\">Sc. Gimn. Co\u0163ofenii din dos<\/p>\n<p>Scoala Gimn.\u201dGheorghe Bibescu\u201d-Craiova<\/td>\n<td width=\"223\">Prof. C\u00e2r\u0163u Silvia Prof. Voicu Mirela,Prof. Flori Adriana Prof. Gu\u015fatu Carmen, prof. Dasc\u0103lu Irina<\/td>\n<\/tr>\n<tr>\n<td width=\"36\">19.<\/td>\n<td width=\"132\">\u201e\u00ceN LUMEA MINUNAT\u0102 A C\u0102R\u0162ILOR\u201d<\/td>\n<td width=\"108\">Parteneriat educa\u0163ional<\/td>\n<td width=\"198\">Biblioteca Jude\u0163ean\u0103 \u201eAlexandru \u015fi Aristia Aman\u201d Craiova<\/td>\n<td width=\"223\">Prof. Vancica Alina Oana, prof. Dasc\u0103lu Irina, prof. Radu Liana, prof. Tuc\u0103 Lavinia, prof.\u00a0 Ungureanu Marieta, prof. Bododea Eugenia, prof. Voican Victoria, inv. C\u00eer\u0163\u00e2n\u0103\u00a0 Firu\u0163a<\/td>\n<\/tr>\n<tr>\n<td width=\"36\">20.<\/td>\n<td width=\"132\">\u201eTEATRUL-POEZIA CE SE DESPRINDE DIN CARTE \u015eI DEVINE OMENEASC\u0102\u201d<\/td>\n<td width=\"108\">Parteneriat educa\u0163ional<\/td>\n<td width=\"198\">Opera Rom\u00e2n\u0103 Craiova<\/td>\n<td width=\"223\">Prof. Petrescu Rodica, prof. Victoria Voican, prof. Mitran Raluca<\/td>\n<\/tr>\n<tr>\n<td width=\"36\">21.<\/td>\n<td width=\"132\">\u201eMEDIUL&#8230;EROUL NOSTRU\u201d<\/td>\n<td width=\"108\">Parteneriat educa\u0163ional<\/td>\n<td width=\"198\">\u015ec. Gimn. \u201eDecebal\u201d Craiova<\/td>\n<td width=\"223\">Prof. Voican Victoria, prof.Ionescu Mihaela, prof. Goiceanu Dorina, prof. Ionele Camelia, prof. \u015etefan Cristina, prof. Munteanu Daniela<\/td>\n<\/tr>\n<\/tbody>\n<\/table>\n<p><strong>Proiectele cuprinse \u00een Calendarul Activit\u0103\u0163ilor Educative \u00a0\u00a02017<\/strong><\/p>\n<p><strong>\u00a0<\/strong><\/p>\n<p>&nbsp;<\/p>\n<table width=\"696\">\n<tbody>\n<tr>\n<td width=\"36\"><strong>Nr crt<\/strong><\/td>\n<td width=\"204\"><strong>Denumirea parteneriatului<\/strong><\/td>\n<td width=\"120\"><strong>Domeniul<\/strong><\/td>\n<td width=\"126\"><strong>Tipul activit\u0103\u0163ii<\/strong><\/td>\n<td width=\"210\"><strong>Coordonatori <\/strong><\/td>\n<\/tr>\n<tr>\n<td width=\"36\">1<\/td>\n<td width=\"204\"><strong>\u201eAP\u0102 CURAT\u0102 PENTRU UN VIITOR DURABIL\u201d<\/strong><\/td>\n<td width=\"120\">Ecologie\u00a0 \u0219i protec\u021bia mediului<\/td>\n<td width=\"126\">concurs<\/p>\n<p>&nbsp;<\/td>\n<td width=\"210\">Prof. C\u00e2r\u0163u Silvia<\/p>\n<p>Prof. Nicolae Elena<\/p>\n<p>Prof. Dinu Mihaela<\/p>\n<p>Prof. B\u00eersan Mariana<\/p>\n<p>Prof. Ionescu Mihaela<\/p>\n<p>Prof. Voican Victoria<\/td>\n<\/tr>\n<tr>\n<td width=\"36\">2<\/td>\n<td width=\"204\"><strong>\u201eMIHAI EMINESCU \u2013MAGICIAN AL CUV\u00c2NTULUI\u201d<\/strong><\/td>\n<td width=\"120\">Cultural-artistic \u2013 literatur\u0103<\/td>\n<td width=\"126\">concurs jude\u0163ean de crea\u0163ie \u015fi interpretare<\/td>\n<td width=\"210\">Prof. Vancica Alina Oana<\/p>\n<p>Prof. Dasc\u0103lu Irina<\/p>\n<p>Prof. Voican Victoria<\/p>\n<p>Prof. Radu Liana<\/td>\n<\/tr>\n<\/tbody>\n<\/table>\n<p>&nbsp;<\/p>\n","protected":false},"excerpt":{"rendered":"<p>PARTENERIATELE EDUCA\u0162IONALE \u00ceN ANUL \u015eCOLAR 2018-2019 &nbsp; Nr crt Nume proiect\/parteneriat Tip proiect Parteneri Coordonator 1. \u201eALIMENTA\u0162IE S\u0102N\u0102TOAS\u0102\u201d Parteneriat educa\u0163ional Societatea studen\u0163ilor medicini\u015fti Craiova &nbsp; Prof. Petrescu Rodica, P.i.p Voican Victoria, Prof. Br\u0103t\u0103\u015fanu Daniela Prof. Bistriceanu Daniela, Prof. C\u00e2r\u0163\u00e2n\u0103 Firu\u0163a, Prof. R\u0103du\u0163 Liu\u0163a 2. \u201eUMBLA\u0162I \u00ceN LUMIN\u0102\u201d Parteneriat educa\u0163ional \u015ec.Gimn. Co\u0163ofenii din dos Parohia Co\u0163ofenii [&hellip;]<\/p>\n","protected":false},"author":1,"featured_media":0,"parent":198,"menu_order":0,"comment_status":"closed","ping_status":"closed","template":"","meta":[],"_links":{"self":[{"href":"https:\/\/old.scmihaieminescu.ro\/index.php?rest_route=\/wp\/v2\/pages\/609"}],"collection":[{"href":"https:\/\/old.scmihaieminescu.ro\/index.php?rest_route=\/wp\/v2\/pages"}],"about":[{"href":"https:\/\/old.scmihaieminescu.ro\/index.php?rest_route=\/wp\/v2\/types\/page"}],"author":[{"embeddable":true,"href":"https:\/\/old.scmihaieminescu.ro\/index.php?rest_route=\/wp\/v2\/users\/1"}],"replies":[{"embeddable":true,"href":"https:\/\/old.scmihaieminescu.ro\/index.php?rest_route=%2Fwp%2Fv2%2Fcomments&post=609"}],"version-history":[{"count":2,"href":"https:\/\/old.scmihaieminescu.ro\/index.php?rest_route=\/wp\/v2\/pages\/609\/revisions"}],"predecessor-version":[{"id":1012,"href":"https:\/\/old.scmihaieminescu.ro\/index.php?rest_route=\/wp\/v2\/pages\/609\/revisions\/1012"}],"up":[{"embeddable":true,"href":"https:\/\/old.scmihaieminescu.ro\/index.php?rest_route=\/wp\/v2\/pages\/198"}],"wp:attachment":[{"href":"https:\/\/old.scmihaieminescu.ro\/index.php?rest_route=%2Fwp%2Fv2%2Fmedia&parent=609"}],"curies":[{"name":"wp","href":"https:\/\/api.w.org\/{rel}","templated":true}]}}