
{"id":55,"date":"2016-03-05T00:21:02","date_gmt":"2016-03-05T00:21:02","guid":{"rendered":"http:\/\/sc37mihaieminescu.ro\/?page_id=55"},"modified":"2018-11-22T07:44:47","modified_gmt":"2018-11-22T07:44:47","slug":"55-2","status":"publish","type":"page","link":"https:\/\/old.scmihaieminescu.ro\/?page_id=55","title":{"rendered":"DOCUMENTE DE PLANIFICARE"},"content":{"rendered":"<p>Calitatea managementului \u015fcolar, prioritate a strategiilor \u015fi politicilor de dezvoltare institu\u0163ional\u0103 la nivelul unit\u0103\u0163ii de inv\u0103\u0163\u0103m\u00e2nt \u015fi la nivelul comunit\u0103\u0163ii locale, pentru urmatorii patru ani, are ca punct de plecare calitatea managementului \u015fcolar anterior, masurat\u0103 prin aprecieri \u015fi recunoa\u015fteri conform diplomelor acordate de:<\/p>\n<p>&nbsp;<\/p>\n<table style=\"border: none; border-collapse: collapse;\" border=\"0\" width=\"100%\" cellspacing=\"0\" cellpadding=\"0\" align=\"center\">\n<tbody>\n<tr valign=\"top\">\n<td align=\"center\"><a href=\"http:\/\/scmihaieminescu.ro\/wp-content\/uploads\/2016\/03\/diploma51-200x300.jpg\"><img loading=\"lazy\" class=\"wp-image-147 aligncenter\" src=\"http:\/\/scmihaieminescu.ro\/wp-content\/uploads\/2016\/03\/diploma51-200x300.jpg\" alt=\"diploma5\" width=\"84\" height=\"125\" srcset=\"https:\/\/old.scmihaieminescu.ro\/wp-content\/uploads\/2016\/03\/diploma51-200x300.jpg 200w, https:\/\/old.scmihaieminescu.ro\/wp-content\/uploads\/2016\/03\/diploma51.jpg 287w\" sizes=\"(max-width: 84px) 100vw, 84px\" \/><\/a><a href=\"http:\/\/scmihaieminescu.ro\/wp-content\/uploads\/2016\/03\/diploma41.jpg\"><img loading=\"lazy\" class=\"wp-image-145 aligncenter\" src=\"http:\/\/scmihaieminescu.ro\/wp-content\/uploads\/2016\/03\/diploma41-216x300.jpg\" alt=\"diploma4\" width=\"77\" height=\"107\" srcset=\"https:\/\/old.scmihaieminescu.ro\/wp-content\/uploads\/2016\/03\/diploma41-216x300.jpg 216w, https:\/\/old.scmihaieminescu.ro\/wp-content\/uploads\/2016\/03\/diploma41.jpg 438w\" sizes=\"(max-width: 77px) 100vw, 77px\" \/><\/a><\/td>\n<td>\u00a0<a href=\"http:\/\/scmihaieminescu.ro\/wp-content\/uploads\/2016\/03\/diploma61.jpg\" rel=\"attachment wp-att-159\"><img loading=\"lazy\" class=\"size-medium wp-image-159 aligncenter\" src=\"http:\/\/scmihaieminescu.ro\/wp-content\/uploads\/2016\/03\/diploma61-300x218.jpg\" alt=\"diploma6\" width=\"300\" height=\"218\" srcset=\"https:\/\/old.scmihaieminescu.ro\/wp-content\/uploads\/2016\/03\/diploma61-300x218.jpg 300w, https:\/\/old.scmihaieminescu.ro\/wp-content\/uploads\/2016\/03\/diploma61.jpg 550w\" sizes=\"(max-width: 300px) 100vw, 300px\" \/><\/a><\/td>\n<td align=\"center\"><a href=\"http:\/\/scmihaieminescu.ro\/wp-content\/uploads\/2016\/03\/diploma21.jpg\"><img loading=\"lazy\" class=\"wp-image-141 aligncenter\" src=\"http:\/\/scmihaieminescu.ro\/wp-content\/uploads\/2016\/03\/diploma21-300x213.jpg\" alt=\"diploma2\" width=\"111\" height=\"79\" srcset=\"https:\/\/old.scmihaieminescu.ro\/wp-content\/uploads\/2016\/03\/diploma21-300x213.jpg 300w, https:\/\/old.scmihaieminescu.ro\/wp-content\/uploads\/2016\/03\/diploma21.jpg 639w\" sizes=\"(max-width: 111px) 100vw, 111px\" \/><\/a><a href=\"http:\/\/scmihaieminescu.ro\/wp-content\/uploads\/2016\/03\/diploma31.jpg\"><img loading=\"lazy\" class=\"wp-image-143 aligncenter\" src=\"http:\/\/scmihaieminescu.ro\/wp-content\/uploads\/2016\/03\/diploma31-300x216.jpg\" alt=\"diploma3\" width=\"119\" height=\"86\" srcset=\"https:\/\/old.scmihaieminescu.ro\/wp-content\/uploads\/2016\/03\/diploma31-300x216.jpg 300w, https:\/\/old.scmihaieminescu.ro\/wp-content\/uploads\/2016\/03\/diploma31.jpg 450w\" sizes=\"(max-width: 119px) 100vw, 119px\" \/><\/a><a href=\"http:\/\/scmihaieminescu.ro\/wp-content\/uploads\/2016\/03\/diploma12.jpg\"><img loading=\"lazy\" class=\"wp-image-139 aligncenter\" src=\"http:\/\/scmihaieminescu.ro\/wp-content\/uploads\/2016\/03\/diploma12-300x215.jpg\" alt=\"diploma1\" width=\"108\" height=\"78\" srcset=\"https:\/\/old.scmihaieminescu.ro\/wp-content\/uploads\/2016\/03\/diploma12-300x215.jpg 300w, https:\/\/old.scmihaieminescu.ro\/wp-content\/uploads\/2016\/03\/diploma12.jpg 636w\" sizes=\"(max-width: 108px) 100vw, 108px\" \/><\/a><\/td>\n<\/tr>\n<tr valign=\"top\">\n<td align=\"center\"><\/td>\n<td align=\"center\"><\/td>\n<td align=\"center\"><\/td>\n<\/tr>\n<\/tbody>\n<\/table>\n","protected":false},"excerpt":{"rendered":"<p>Calitatea managementului \u015fcolar, prioritate a strategiilor \u015fi politicilor de dezvoltare institu\u0163ional\u0103 la nivelul unit\u0103\u0163ii de inv\u0103\u0163\u0103m\u00e2nt \u015fi la nivelul comunit\u0103\u0163ii locale, pentru urmatorii patru ani, are ca punct de plecare calitatea managementului \u015fcolar anterior, masurat\u0103 prin aprecieri \u015fi recunoa\u015fteri conform diplomelor acordate de: &nbsp; \u00a0<\/p>\n","protected":false},"author":1,"featured_media":0,"parent":2,"menu_order":0,"comment_status":"closed","ping_status":"closed","template":"","meta":[],"_links":{"self":[{"href":"https:\/\/old.scmihaieminescu.ro\/index.php?rest_route=\/wp\/v2\/pages\/55"}],"collection":[{"href":"https:\/\/old.scmihaieminescu.ro\/index.php?rest_route=\/wp\/v2\/pages"}],"about":[{"href":"https:\/\/old.scmihaieminescu.ro\/index.php?rest_route=\/wp\/v2\/types\/page"}],"author":[{"embeddable":true,"href":"https:\/\/old.scmihaieminescu.ro\/index.php?rest_route=\/wp\/v2\/users\/1"}],"replies":[{"embeddable":true,"href":"https:\/\/old.scmihaieminescu.ro\/index.php?rest_route=%2Fwp%2Fv2%2Fcomments&post=55"}],"version-history":[{"count":18,"href":"https:\/\/old.scmihaieminescu.ro\/index.php?rest_route=\/wp\/v2\/pages\/55\/revisions"}],"predecessor-version":[{"id":949,"href":"https:\/\/old.scmihaieminescu.ro\/index.php?rest_route=\/wp\/v2\/pages\/55\/revisions\/949"}],"up":[{"embeddable":true,"href":"https:\/\/old.scmihaieminescu.ro\/index.php?rest_route=\/wp\/v2\/pages\/2"}],"wp:attachment":[{"href":"https:\/\/old.scmihaieminescu.ro\/index.php?rest_route=%2Fwp%2Fv2%2Fmedia&parent=55"}],"curies":[{"name":"wp","href":"https:\/\/api.w.org\/{rel}","templated":true}]}}