
{"id":442,"date":"2016-05-31T06:01:48","date_gmt":"2016-05-31T06:01:48","guid":{"rendered":"http:\/\/sc37mihaieminescu.ro\/?page_id=442"},"modified":"2016-05-31T06:05:09","modified_gmt":"2016-05-31T06:05:09","slug":"activitati-educative-extrascolare-devenite-traditie","status":"publish","type":"page","link":"https:\/\/old.scmihaieminescu.ro\/?page_id=442","title":{"rendered":"ACTIVIT\u0102\u0162I EDUCATIVE EXTRA\u015eCOLARE DEVENITE TRADI\u0162IE"},"content":{"rendered":"<p style=\"text-align: center;\">\n<p style=\"text-align: center;\"><strong>\u201cIUBESTE, MEREU DARUIND!\u201d<\/strong> \u2013 proiect educativ<\/p>\n<p style=\"text-align: center;\">&#8211;\u00a0 \u201cO, brad frumos!\u201d- concurs,<\/p>\n<p style=\"text-align: center;\">&#8211; spectacole de binefacere,<\/p>\n<p style=\"text-align: center;\">&#8211; ac\u0163iuni de \u00eentrajutorare.<\/p>\n<p style=\"text-align: center;\"><strong>15 IANUARIE \u2013 ZILELE \u015eCOLII<\/strong><\/p>\n<p style=\"text-align: center;\"><strong>MEMORIALUL \u201cMARIN BISTRICEANU\u201d<\/strong><\/p>\n<p style=\"text-align: center;\">&#8211; campionat inter\u015fcolar de fotbal<\/p>\n<p style=\"text-align: center;\"><strong>\u201cUN PLUS DE SIGURANTA PENTRU VIATA NOASTRA\u201d<\/strong><\/p>\n<p style=\"text-align: center;\"><strong>&#8211;<\/strong>concurs de protec\u0163ie civil\u0103-etapa jude\u0163ean\u0103<\/p>\n<p style=\"text-align: center;\"><strong>\u201cCU VIA\u0162A MEA AP\u0102R VIA\u0162A\u201d<\/strong><\/p>\n<p style=\"text-align: center;\">concurs de protec\u0163ie civil\u0103-gimnaziu \u2013zonal<\/p>\n<p style=\"text-align: center;\"><strong>\u201cEXPERIMENTE SIMPLE REALIZATE DE ELEVI DIN CICLUL GIMNAZIAL \u015eI LICEAL\u201d<\/strong><\/p>\n<p style=\"text-align: center;\">concurs de creativitate-etapa jude\u0163ean\u0103<\/p>\n<p style=\"text-align: center;\"><strong>EXCURSII \u015eCOLARE TEMATICE<\/strong><\/p>\n","protected":false},"excerpt":{"rendered":"<p>\u201cIUBESTE, MEREU DARUIND!\u201d \u2013 proiect educativ &#8211;\u00a0 \u201cO, brad frumos!\u201d- concurs, &#8211; spectacole de binefacere, &#8211; ac\u0163iuni de \u00eentrajutorare. 15 IANUARIE \u2013 ZILELE \u015eCOLII MEMORIALUL \u201cMARIN BISTRICEANU\u201d &#8211; campionat inter\u015fcolar de fotbal \u201cUN PLUS DE SIGURANTA PENTRU VIATA NOASTRA\u201d &#8211;concurs de protec\u0163ie civil\u0103-etapa jude\u0163ean\u0103 \u201cCU VIA\u0162A MEA AP\u0102R VIA\u0162A\u201d concurs de protec\u0163ie civil\u0103-gimnaziu \u2013zonal \u201cEXPERIMENTE [&hellip;]<\/p>\n","protected":false},"author":1,"featured_media":0,"parent":198,"menu_order":0,"comment_status":"closed","ping_status":"closed","template":"","meta":[],"_links":{"self":[{"href":"https:\/\/old.scmihaieminescu.ro\/index.php?rest_route=\/wp\/v2\/pages\/442"}],"collection":[{"href":"https:\/\/old.scmihaieminescu.ro\/index.php?rest_route=\/wp\/v2\/pages"}],"about":[{"href":"https:\/\/old.scmihaieminescu.ro\/index.php?rest_route=\/wp\/v2\/types\/page"}],"author":[{"embeddable":true,"href":"https:\/\/old.scmihaieminescu.ro\/index.php?rest_route=\/wp\/v2\/users\/1"}],"replies":[{"embeddable":true,"href":"https:\/\/old.scmihaieminescu.ro\/index.php?rest_route=%2Fwp%2Fv2%2Fcomments&post=442"}],"version-history":[{"count":5,"href":"https:\/\/old.scmihaieminescu.ro\/index.php?rest_route=\/wp\/v2\/pages\/442\/revisions"}],"predecessor-version":[{"id":444,"href":"https:\/\/old.scmihaieminescu.ro\/index.php?rest_route=\/wp\/v2\/pages\/442\/revisions\/444"}],"up":[{"embeddable":true,"href":"https:\/\/old.scmihaieminescu.ro\/index.php?rest_route=\/wp\/v2\/pages\/198"}],"wp:attachment":[{"href":"https:\/\/old.scmihaieminescu.ro\/index.php?rest_route=%2Fwp%2Fv2%2Fmedia&parent=442"}],"curies":[{"name":"wp","href":"https:\/\/api.w.org\/{rel}","templated":true}]}}