
{"id":389,"date":"2016-05-26T19:54:00","date_gmt":"2016-05-26T19:54:00","guid":{"rendered":"http:\/\/sc37mihaieminescu.ro\/?page_id=389"},"modified":"2022-09-09T18:11:43","modified_gmt":"2022-09-09T18:11:43","slug":"viziunea","status":"publish","type":"page","link":"https:\/\/old.scmihaieminescu.ro\/?page_id=389","title":{"rendered":"Scopuri \u015fi \u0163inte strategice"},"content":{"rendered":"<h1><strong>MISIUNEA:<\/strong><\/h1>\n<p>Motto: <strong>\u201dFii competitiv!\u201d<\/strong><\/p>\n<p><strong> \u00a0 Eficientizarea \u00a0procesului educa\u0163ional, educand si instruind constient si intentionat, pentru a oferi tuturor copiilor \u00a0egalitate \u00een \u015fanse, formarea \u00a0lor complet\u0103 pentru actualul mileniu, pentru ca ei s\u0103 poat\u0103 \u00een\u0163elege mai bine noul mod de via\u0163\u0103, diversitatea societ\u0103\u0163ii contemporane, respectul valorilor.<\/strong><\/p>\n<p><strong>\u00a0 \u00a0 \u00a0 Elaborarea unei strategii educationale complexe care sa optimizeze constant oferta educationala in raport cu standardele de calitate\u00a0 nationale si europene, tinand cont de idealurile si exigentele beneficiarilor directi si indirecti.<\/strong><\/p>\n<p>&nbsp;<\/p>\n<h1><strong>VIZIUNEA:<\/strong><\/h1>\n<p>Motto<strong>: \u201eEDUCA\u0162IA \u00eenseamn\u0103 putere, \u015eTIIN\u0162A reprezint\u0103 libertate\u201d\u00a0<\/strong> \u00a0<strong> \u00a0<\/strong><\/p>\n<p><strong>\u00a0\u00a0\u00a0 Cresterea calitatii educatiei prin promovarea valorilor europene intr-un parteneriat deschis cu implicarea efectiva si responsabila a tuturor partenerilor educationali.<\/strong><\/p>\n<p><strong>Dorim sa fim o institutie cu multiple disponibilitati , intr-un spatiu primitor si familiar , un loc al respectului si prieteniei , un catalizator al formarii individuale.<\/strong><\/p>\n<h1><\/h1>\n<p style=\"text-align: center;\"><a href=\"http:\/\/scmihaieminescu.ro\/wp-content\/uploads\/2015\/12\/scoala.jpg\" rel=\"attachment wp-att-41\"><img loading=\"lazy\" class=\"aligncenter wp-image-41 size-full\" src=\"http:\/\/scmihaieminescu.ro\/wp-content\/uploads\/2015\/12\/scoala.jpg\" alt=\"scoala\" width=\"530\" height=\"352\" srcset=\"https:\/\/old.scmihaieminescu.ro\/wp-content\/uploads\/2015\/12\/scoala.jpg 530w, https:\/\/old.scmihaieminescu.ro\/wp-content\/uploads\/2015\/12\/scoala-300x199.jpg 300w\" sizes=\"(max-width: 530px) 100vw, 530px\" \/><\/a><\/p>\n<p style=\"text-align: left;\">\n","protected":false},"excerpt":{"rendered":"<p>MISIUNEA: Motto: \u201dFii competitiv!\u201d \u00a0 Eficientizarea \u00a0procesului educa\u0163ional, educand si instruind constient si intentionat, pentru a oferi tuturor copiilor \u00a0egalitate \u00een \u015fanse, formarea \u00a0lor complet\u0103 pentru actualul mileniu, pentru ca ei s\u0103 poat\u0103 \u00een\u0163elege mai bine noul mod de via\u0163\u0103, diversitatea societ\u0103\u0163ii contemporane, respectul valorilor. \u00a0 \u00a0 \u00a0 Elaborarea unei strategii educationale complexe care sa [&hellip;]<\/p>\n","protected":false},"author":1,"featured_media":0,"parent":2,"menu_order":0,"comment_status":"closed","ping_status":"closed","template":"","meta":[],"_links":{"self":[{"href":"https:\/\/old.scmihaieminescu.ro\/index.php?rest_route=\/wp\/v2\/pages\/389"}],"collection":[{"href":"https:\/\/old.scmihaieminescu.ro\/index.php?rest_route=\/wp\/v2\/pages"}],"about":[{"href":"https:\/\/old.scmihaieminescu.ro\/index.php?rest_route=\/wp\/v2\/types\/page"}],"author":[{"embeddable":true,"href":"https:\/\/old.scmihaieminescu.ro\/index.php?rest_route=\/wp\/v2\/users\/1"}],"replies":[{"embeddable":true,"href":"https:\/\/old.scmihaieminescu.ro\/index.php?rest_route=%2Fwp%2Fv2%2Fcomments&post=389"}],"version-history":[{"count":8,"href":"https:\/\/old.scmihaieminescu.ro\/index.php?rest_route=\/wp\/v2\/pages\/389\/revisions"}],"predecessor-version":[{"id":1435,"href":"https:\/\/old.scmihaieminescu.ro\/index.php?rest_route=\/wp\/v2\/pages\/389\/revisions\/1435"}],"up":[{"embeddable":true,"href":"https:\/\/old.scmihaieminescu.ro\/index.php?rest_route=\/wp\/v2\/pages\/2"}],"wp:attachment":[{"href":"https:\/\/old.scmihaieminescu.ro\/index.php?rest_route=%2Fwp%2Fv2%2Fmedia&parent=389"}],"curies":[{"name":"wp","href":"https:\/\/api.w.org\/{rel}","templated":true}]}}