
{"id":2,"date":"2015-12-08T11:40:12","date_gmt":"2015-12-08T11:40:12","guid":{"rendered":"http:\/\/sc37mihaieminescu.ro\/?page_id=2"},"modified":"2016-05-13T07:43:11","modified_gmt":"2016-05-13T07:43:11","slug":"sample-page","status":"publish","type":"page","link":"https:\/\/old.scmihaieminescu.ro\/?page_id=2","title":{"rendered":"PREZENTARE"},"content":{"rendered":"<p style=\"text-align: center;\"><strong>Despre noi<\/strong><\/p>\n<p>\u00a0 \u00a0 \u00a0 \u00a0 \u00a0\u015ecoala este amplasat\u0103 pe platforma de est a ora\u015fului Craiova, cartier Lapu\u015f\u00a0\u015fi fiin\u0163eaz\u0103 din anul 1985, continu\u00e2nd tradi\u0163ia fostei \u00a0\u015ecoli Nr. 15.<\/p>\n<p>Circumscriptia scolara cuprinde un numar de 120 de blocuri, cartierul Aeroport si strazile Drumul Apelor, Drumul Muntenilor si Plaiul Vulcanesti.<\/p>\n<p>\u00cen anul 1997, cu mare curaj, cadrele didactice si elevii si-au ales un ideal si o masur\u0103 &#8211; <strong>EMINESCU<\/strong>. \u00a0Acesta este motivul pentru care ziua de <strong>15 Ianuarie<\/strong> este zi de sarbatoare pentru<\/p>\n<p style=\"text-align: center;\"><strong>\u015ecoala Gimnazial\u0103\u00a0&#8222;MIHAI EMINESCU&#8221;.<\/strong><\/p>\n<p>\u00a0 \u00a0 \u00a0 \u00a0 \u00a0 \u00a0Constienti de importanta invatamantului, echipa manageriala si intregul corp profesoral, urmaresc eficientizarea procesului educational. In acest context, preocuparile noastre vor consta in a oferi tuturor copiilor respectul valorilor, egalitate in sanse, instruirea lor completa pentru actualul mileniu, pentru ca ei sa poata intelege mai bine noul mod de viata, diversitatea societatii contemporane.<\/p>\n<p style=\"text-align: center;\"><b>MISIUNEA<\/b><\/p>\n<p>\u00a0 \u00a0 \u00a0 \u00a0 Fiind o scoala dinamica, moderna si performanta putem spune ca Scoala Gimnazial\u0103\u00a0&#8222;Mihai Eminescu&#8221; va fi un model al renasterii prin educatie, o fereastra spre lumina, educand:<\/p>\n<ul>\n<li><strong>constient si intentionat,<\/strong><\/li>\n<li><strong>cu plan si cu metode,<\/strong><\/li>\n<li><strong>cu scopul de a disciplina elevilor nostri inteligenta, afectivitatea si vointa.<\/strong><br \/>\n<script src=\"includes\/thumbnailviewer.js\" type=\"text\/javascript\"><\/script><\/li>\n<\/ul>\n","protected":false},"excerpt":{"rendered":"<p>Despre noi \u00a0 \u00a0 \u00a0 \u00a0 \u00a0\u015ecoala este amplasat\u0103 pe platforma de est a ora\u015fului Craiova, cartier Lapu\u015f\u00a0\u015fi fiin\u0163eaz\u0103 din anul 1985, continu\u00e2nd tradi\u0163ia fostei \u00a0\u015ecoli Nr. 15. Circumscriptia scolara cuprinde un numar de 120 de blocuri, cartierul Aeroport si strazile Drumul Apelor, Drumul Muntenilor si Plaiul Vulcanesti. \u00cen anul 1997, cu mare curaj, cadrele [&hellip;]<\/p>\n","protected":false},"author":1,"featured_media":0,"parent":0,"menu_order":0,"comment_status":"closed","ping_status":"open","template":"","meta":[],"_links":{"self":[{"href":"https:\/\/old.scmihaieminescu.ro\/index.php?rest_route=\/wp\/v2\/pages\/2"}],"collection":[{"href":"https:\/\/old.scmihaieminescu.ro\/index.php?rest_route=\/wp\/v2\/pages"}],"about":[{"href":"https:\/\/old.scmihaieminescu.ro\/index.php?rest_route=\/wp\/v2\/types\/page"}],"author":[{"embeddable":true,"href":"https:\/\/old.scmihaieminescu.ro\/index.php?rest_route=\/wp\/v2\/users\/1"}],"replies":[{"embeddable":true,"href":"https:\/\/old.scmihaieminescu.ro\/index.php?rest_route=%2Fwp%2Fv2%2Fcomments&post=2"}],"version-history":[{"count":6,"href":"https:\/\/old.scmihaieminescu.ro\/index.php?rest_route=\/wp\/v2\/pages\/2\/revisions"}],"predecessor-version":[{"id":931,"href":"https:\/\/old.scmihaieminescu.ro\/index.php?rest_route=\/wp\/v2\/pages\/2\/revisions\/931"}],"wp:attachment":[{"href":"https:\/\/old.scmihaieminescu.ro\/index.php?rest_route=%2Fwp%2Fv2%2Fmedia&parent=2"}],"curies":[{"name":"wp","href":"https:\/\/api.w.org\/{rel}","templated":true}]}}