
{"id":1233,"date":"2021-02-08T23:26:04","date_gmt":"2021-02-08T23:26:04","guid":{"rendered":"http:\/\/scmihaieminescu.ro\/?page_id=1233"},"modified":"2021-02-08T23:31:09","modified_gmt":"2021-02-08T23:31:09","slug":"oferta-educationala-2021-2022","status":"publish","type":"page","link":"https:\/\/old.scmihaieminescu.ro\/?page_id=1233","title":{"rendered":"OFERTA EDUCA\u021aIONAL\u0102 2021-2022"},"content":{"rendered":"<p><strong>OFERTA EDUCA\u0162IONAL\u0102<\/strong><br \/>\nPentru Anul \u015ecolar<br \/>\n2021 \u2013 2022<br \/>\n\u0218coala noastr\u0103 \u00ee\u0219i propune s\u0103 arate pre\u0219colarilor \u0219i \u0219colarilor bucuriile copilariei pav\u00e2nd drumul c\u0103tre via\u021b\u0103 cu valori fundamentale solide \u00eembr\u0103cate intr-o form\u0103 atractiv\u0103, dar \u0219i educativ\u0103.<br \/>\n\u0218coala Gimnazial\u0103 Mihai Eminescu, este un ecosistem educa\u021bional \u00een care nevoile elevilor, p\u0103rin\u021bilor \u0219i cadrelor didactice conteaz\u0103.<\/p>\n<p>Director Silvia C\u00e2r\u021bu<br \/>\nDirector adj. Elena Nicolae<\/p>\n<p><a href=\"http:\/\/scmihaieminescu.ro\/?attachment_id=1234\" rel=\"attachment wp-att-1234\">Oferta educa\u021bionala 2021-2022 Gimnaziu<\/a><\/p>\n<p><iframe loading=\"lazy\" width=\"655\" height=\"368\" src=\"https:\/\/www.youtube.com\/embed\/iyOo1lP6L2E?feature=oembed\" frameborder=\"0\" allow=\"accelerometer; autoplay; clipboard-write; encrypted-media; gyroscope; picture-in-picture\" allowfullscreen><\/iframe><\/p>\n<p><strong>Oferta educa\u021bional\u0103 2021-2022 \u00cenv\u0103\u021b\u0103m\u00e2nt primar<\/strong><\/p>\n<p><iframe loading=\"lazy\" width=\"655\" height=\"368\" src=\"https:\/\/www.youtube.com\/embed\/fVR1KGZBe4I?feature=oembed\" frameborder=\"0\" allow=\"accelerometer; autoplay; clipboard-write; encrypted-media; gyroscope; picture-in-picture\" allowfullscreen><\/iframe><\/p>\n<p><strong>Oferta educa\u021bional\u0103 2021-2022 \u00cenv\u0103\u021b\u0103m\u00e2nt pre\u0219colar<\/strong><\/p>\n<p><iframe loading=\"lazy\" width=\"655\" height=\"368\" src=\"https:\/\/www.youtube.com\/embed\/umanYfw-CFU?feature=oembed\" frameborder=\"0\" allow=\"accelerometer; autoplay; clipboard-write; encrypted-media; gyroscope; picture-in-picture\" allowfullscreen><\/iframe><\/p>\n","protected":false},"excerpt":{"rendered":"<p>OFERTA EDUCA\u0162IONAL\u0102 Pentru Anul \u015ecolar 2021 \u2013 2022 \u0218coala noastr\u0103 \u00ee\u0219i propune s\u0103 arate pre\u0219colarilor \u0219i \u0219colarilor bucuriile copilariei pav\u00e2nd drumul c\u0103tre via\u021b\u0103 cu valori fundamentale solide \u00eembr\u0103cate intr-o form\u0103 atractiv\u0103, dar \u0219i educativ\u0103. \u0218coala Gimnazial\u0103 Mihai Eminescu, este un ecosistem educa\u021bional \u00een care nevoile elevilor, p\u0103rin\u021bilor \u0219i cadrelor didactice conteaz\u0103. Director Silvia C\u00e2r\u021bu Director [&hellip;]<\/p>\n","protected":false},"author":1,"featured_media":0,"parent":55,"menu_order":0,"comment_status":"closed","ping_status":"closed","template":"","meta":[],"_links":{"self":[{"href":"https:\/\/old.scmihaieminescu.ro\/index.php?rest_route=\/wp\/v2\/pages\/1233"}],"collection":[{"href":"https:\/\/old.scmihaieminescu.ro\/index.php?rest_route=\/wp\/v2\/pages"}],"about":[{"href":"https:\/\/old.scmihaieminescu.ro\/index.php?rest_route=\/wp\/v2\/types\/page"}],"author":[{"embeddable":true,"href":"https:\/\/old.scmihaieminescu.ro\/index.php?rest_route=\/wp\/v2\/users\/1"}],"replies":[{"embeddable":true,"href":"https:\/\/old.scmihaieminescu.ro\/index.php?rest_route=%2Fwp%2Fv2%2Fcomments&post=1233"}],"version-history":[{"count":3,"href":"https:\/\/old.scmihaieminescu.ro\/index.php?rest_route=\/wp\/v2\/pages\/1233\/revisions"}],"predecessor-version":[{"id":1236,"href":"https:\/\/old.scmihaieminescu.ro\/index.php?rest_route=\/wp\/v2\/pages\/1233\/revisions\/1236"}],"up":[{"embeddable":true,"href":"https:\/\/old.scmihaieminescu.ro\/index.php?rest_route=\/wp\/v2\/pages\/55"}],"wp:attachment":[{"href":"https:\/\/old.scmihaieminescu.ro\/index.php?rest_route=%2Fwp%2Fv2%2Fmedia&parent=1233"}],"curies":[{"name":"wp","href":"https:\/\/api.w.org\/{rel}","templated":true}]}}