
{"id":1145,"date":"2021-07-22T10:20:45","date_gmt":"2021-07-22T10:20:45","guid":{"rendered":"http:\/\/scmihaieminescu.ro\/?page_id=1145"},"modified":"2021-07-22T10:24:38","modified_gmt":"2021-07-22T10:24:38","slug":"centralizarea-feedbackului-oferit-de-elevi-privind-activitatea-de-invatare-predare-si-evaluare","status":"publish","type":"page","link":"https:\/\/old.scmihaieminescu.ro\/?page_id=1145","title":{"rendered":"Centralizarea feedbackului oferit de elevi privind activitatea de \u00eenv\u0103\u021bare, predare \u0219i evaluare"},"content":{"rendered":"<p>La sf\u00e2r\u0219itul anului \u0219colar 2020-2021 a fost aplicat elevilor de gimnaziu chestionarul online- Fi\u0219a de feedback semestrial,\u00a0 \u00a0anex\u0103 la metodologia de acordare a feedbackului privind activitatea de \u00eenv\u0103\u021bare, predare \u0219i evaluare \u00een \u00eenv\u0103\u021b\u0103m\u00e2ntul preuniversitar, conform Ordin Nr. 3864\/2021, publicat \u00een Monitorul Oficial, Partea I, nr. 579 din 8 iunie 2021<\/p>\n<p><a href=\"http:\/\/scmihaieminescu.ro\/?attachment_id=1332\" rel=\"attachment wp-att-1332\">FEEDBACK conform Ordinului ME 3864_2021<\/a><\/p>\n","protected":false},"excerpt":{"rendered":"<p>La sf\u00e2r\u0219itul anului \u0219colar 2020-2021 a fost aplicat elevilor de gimnaziu chestionarul online- Fi\u0219a de feedback semestrial,\u00a0 \u00a0anex\u0103 la metodologia de acordare a feedbackului privind activitatea de \u00eenv\u0103\u021bare, predare \u0219i evaluare \u00een \u00eenv\u0103\u021b\u0103m\u00e2ntul preuniversitar, conform Ordin Nr. 3864\/2021, publicat \u00een Monitorul Oficial, Partea I, nr. 579 din 8 iunie 2021 FEEDBACK conform Ordinului ME 3864_2021<\/p>\n","protected":false},"author":1,"featured_media":0,"parent":854,"menu_order":0,"comment_status":"closed","ping_status":"closed","template":"","meta":[],"_links":{"self":[{"href":"https:\/\/old.scmihaieminescu.ro\/index.php?rest_route=\/wp\/v2\/pages\/1145"}],"collection":[{"href":"https:\/\/old.scmihaieminescu.ro\/index.php?rest_route=\/wp\/v2\/pages"}],"about":[{"href":"https:\/\/old.scmihaieminescu.ro\/index.php?rest_route=\/wp\/v2\/types\/page"}],"author":[{"embeddable":true,"href":"https:\/\/old.scmihaieminescu.ro\/index.php?rest_route=\/wp\/v2\/users\/1"}],"replies":[{"embeddable":true,"href":"https:\/\/old.scmihaieminescu.ro\/index.php?rest_route=%2Fwp%2Fv2%2Fcomments&post=1145"}],"version-history":[{"count":2,"href":"https:\/\/old.scmihaieminescu.ro\/index.php?rest_route=\/wp\/v2\/pages\/1145\/revisions"}],"predecessor-version":[{"id":1335,"href":"https:\/\/old.scmihaieminescu.ro\/index.php?rest_route=\/wp\/v2\/pages\/1145\/revisions\/1335"}],"up":[{"embeddable":true,"href":"https:\/\/old.scmihaieminescu.ro\/index.php?rest_route=\/wp\/v2\/pages\/854"}],"wp:attachment":[{"href":"https:\/\/old.scmihaieminescu.ro\/index.php?rest_route=%2Fwp%2Fv2%2Fmedia&parent=1145"}],"curies":[{"name":"wp","href":"https:\/\/api.w.org\/{rel}","templated":true}]}}